{"id":1086,"date":"2023-11-08T16:11:55","date_gmt":"2023-11-08T20:11:55","guid":{"rendered":"https:\/\/fiziko.net\/?page_id=1086"},"modified":"2023-11-08T16:14:14","modified_gmt":"2023-11-08T20:14:14","slug":"simulacao-fisica-3-campo-eletrico","status":"publish","type":"page","link":"https:\/\/fiziko.net\/?page_id=1086","title":{"rendered":"Simula\u00e7\u00e3o F\u00edsica 3 &#8211; Campo El\u00e9trico"},"content":{"rendered":"\n<h2 class=\"wp-block-heading\">Desenhando as linhas de campo el\u00e9trico em Python<\/h2>\n\n\n\n<p class=\"has-text-align-left\">Na primeira parte da atividade, considere a distribui\u00e7\u00e3o de cargas el\u00e9tricas positivas<em> q<\/em> como mostrado na figura. O ponto P est\u00e1 situado em <em>(x,y)<\/em>, determine o campo el\u00e9trico produzido pela distribui\u00e7\u00e3o de cargas neste ponto e com o aux\u00edlio do Python, desenhe as linhas de campo el\u00e9trico na vizinhan\u00e7a da distribui\u00e7\u00e3o de cargas.<\/p>\n\n\n\n<p>Para simplificar a constru\u00e7\u00e3o das linhas de campo el\u00e9trico considere k<em>q<\/em> = 1 e <em>d<\/em> = 1. Utilize a t\u00e9cnica apresentada no texto situado no link da p\u00e1gina https:\/\/fiziko.net\/?page_id=990.<\/p>\n\n\n<div class=\"wp-block-image\">\n<figure class=\"aligncenter size-large\"><img fetchpriority=\"high\" decoding=\"async\" width=\"1024\" height=\"665\" src=\"https:\/\/fiziko.net\/wp-content\/uploads\/2023\/11\/image-1024x665.png\" alt=\"\" class=\"wp-image-1087\" srcset=\"https:\/\/fiziko.net\/wp-content\/uploads\/2023\/11\/image-1024x665.png 1024w, https:\/\/fiziko.net\/wp-content\/uploads\/2023\/11\/image-300x195.png 300w, https:\/\/fiziko.net\/wp-content\/uploads\/2023\/11\/image-768x498.png 768w, https:\/\/fiziko.net\/wp-content\/uploads\/2023\/11\/image.png 1436w\" sizes=\"(max-width: 1024px) 100vw, 1024px\" \/><figcaption class=\"wp-element-caption\">Cargas el\u00e9tricas positivas afastadas por uma dist\u00e2ncia <em>d<\/em> entre si.<\/figcaption><\/figure>\n<\/div>\n\n\n<p class=\"has-text-align-left\">Na segunda parte da atividade, considere um quadrupolo el\u00e9trico formado por dois dipolos de mesmo m\u00f3dulo e sentidos opostos. Mostre que o valor de <strong>E <\/strong>em um ponto P do eixo do quadrupolo situado a uma dist\u00e2ncia x do centro (supondo x \u226b d e y = 0) \u00e9 dado por<\/p>\n\n\n\n<div class=\"wp-block-katex-display-block katex-eq\" data-katex-display=\"true\"><pre>|\\vec{E}| = \\frac{3k\\mathscr{P}}{x^4}<\/pre><\/div>\n\n\n\n<p class=\"has-text-align-left\">Onde,<\/p>\n\n\n\n<div class=\"wp-block-katex-display-block katex-eq\" data-katex-display=\"true\"><pre>\\mathscr{P}=2qd^{2}<\/pre><\/div>\n\n\n\n<p class=\"has-text-align-left\"> \u00e9 o <em>momento de quadrupolo.<\/em><\/p>\n\n\n<div class=\"wp-block-image\">\n<figure class=\"aligncenter size-large\"><img decoding=\"async\" width=\"1024\" height=\"682\" src=\"https:\/\/fiziko.net\/wp-content\/uploads\/2023\/11\/image-1-1024x682.png\" alt=\"\" class=\"wp-image-1088\" srcset=\"https:\/\/fiziko.net\/wp-content\/uploads\/2023\/11\/image-1-1024x682.png 1024w, https:\/\/fiziko.net\/wp-content\/uploads\/2023\/11\/image-1-300x200.png 300w, https:\/\/fiziko.net\/wp-content\/uploads\/2023\/11\/image-1-768x511.png 768w, https:\/\/fiziko.net\/wp-content\/uploads\/2023\/11\/image-1.png 1371w\" sizes=\"(max-width: 1024px) 100vw, 1024px\" \/><\/figure>\n<\/div>\n\n\n<p>Para simplificar a constru\u00e7\u00e3o das linhas de campo el\u00e9trico considere k<em>q<\/em> = 1 e <em>d<\/em> = 1. Utilize a t\u00e9cnica apresentada no texto situado no link da p\u00e1gina https:\/\/fiziko.net\/?page_id=990.<\/p>\n\n\n\n<p><\/p>\n","protected":false},"excerpt":{"rendered":"<p>Desenhando as linhas de campo el\u00e9trico em Python Na primeira parte da atividade, considere a distribui\u00e7\u00e3o de cargas el\u00e9tricas positivas q como mostrado na figura. O ponto P est\u00e1 situado em (x,y), determine o campo el\u00e9trico produzido pela distribui\u00e7\u00e3o de cargas neste ponto e com o aux\u00edlio do Python, desenhe as linhas de campo el\u00e9trico&hellip; <br \/> <a class=\"read-more\" href=\"https:\/\/fiziko.net\/?page_id=1086\">Leia mais<\/a><\/p>\n","protected":false},"author":1,"featured_media":0,"parent":0,"menu_order":0,"comment_status":"closed","ping_status":"closed","template":"","meta":{"footnotes":""},"class_list":["post-1086","page","type-page","status-publish","hentry"],"_links":{"self":[{"href":"https:\/\/fiziko.net\/index.php?rest_route=\/wp\/v2\/pages\/1086","targetHints":{"allow":["GET"]}}],"collection":[{"href":"https:\/\/fiziko.net\/index.php?rest_route=\/wp\/v2\/pages"}],"about":[{"href":"https:\/\/fiziko.net\/index.php?rest_route=\/wp\/v2\/types\/page"}],"author":[{"embeddable":true,"href":"https:\/\/fiziko.net\/index.php?rest_route=\/wp\/v2\/users\/1"}],"replies":[{"embeddable":true,"href":"https:\/\/fiziko.net\/index.php?rest_route=%2Fwp%2Fv2%2Fcomments&post=1086"}],"version-history":[{"count":2,"href":"https:\/\/fiziko.net\/index.php?rest_route=\/wp\/v2\/pages\/1086\/revisions"}],"predecessor-version":[{"id":1096,"href":"https:\/\/fiziko.net\/index.php?rest_route=\/wp\/v2\/pages\/1086\/revisions\/1096"}],"wp:attachment":[{"href":"https:\/\/fiziko.net\/index.php?rest_route=%2Fwp%2Fv2%2Fmedia&parent=1086"}],"curies":[{"name":"wp","href":"https:\/\/api.w.org\/{rel}","templated":true}]}}