{"id":1102,"date":"2023-12-08T23:35:54","date_gmt":"2023-12-09T03:35:54","guid":{"rendered":"https:\/\/fiziko.net\/?page_id=1102"},"modified":"2023-12-09T00:05:14","modified_gmt":"2023-12-09T04:05:14","slug":"capacitores-e-capacitancia-simulacao","status":"publish","type":"page","link":"https:\/\/fiziko.net\/?page_id=1102","title":{"rendered":"Capacitores e Capacit\u00e2ncia &#8211; Simula\u00e7\u00e3o"},"content":{"rendered":"\n<p class=\"has-text-align-left\">Usam-se 12 capacitores iguais de valor C para construir as arestas de um cubo como indicado na figura e assume-se que todas as chaves est\u00e3o abertas. <\/p>\n\n\n<div class=\"wp-block-image\">\n<figure class=\"aligncenter size-large is-resized\"><img fetchpriority=\"high\" decoding=\"async\" width=\"1024\" height=\"993\" src=\"https:\/\/fiziko.net\/wp-content\/uploads\/2023\/12\/CircuitoCuboCapacitores-1024x993.png\" alt=\"\" class=\"wp-image-1103\" style=\"object-fit:cover;width:500px;height:500px\" srcset=\"https:\/\/fiziko.net\/wp-content\/uploads\/2023\/12\/CircuitoCuboCapacitores-1024x993.png 1024w, https:\/\/fiziko.net\/wp-content\/uploads\/2023\/12\/CircuitoCuboCapacitores-300x291.png 300w, https:\/\/fiziko.net\/wp-content\/uploads\/2023\/12\/CircuitoCuboCapacitores-768x745.png 768w, https:\/\/fiziko.net\/wp-content\/uploads\/2023\/12\/CircuitoCuboCapacitores-1536x1490.png 1536w, https:\/\/fiziko.net\/wp-content\/uploads\/2023\/12\/CircuitoCuboCapacitores-1113x1080.png 1113w, https:\/\/fiziko.net\/wp-content\/uploads\/2023\/12\/CircuitoCuboCapacitores.png 1933w\" sizes=\"(max-width: 1024px) 100vw, 1024px\" \/><\/figure>\n<\/div>\n\n\n<p>Mostre que a capacit\u00e2ncia equivalente Ceq, quando&nbsp;a chave A \u00e9 ligada, vale:<\/p>\n\n\n\n<div class=\"wp-block-katex-display-block katex-eq\" data-katex-display=\"true\"><pre>C_{eq} = \\frac{12}{7}C<\/pre><\/div>\n\n\n\n<p>Mostre que a capacit\u00e2ncia equivalente Ceq, quando a chave B \u00e9 ligada, vale:<\/p>\n\n\n\n<div class=\"wp-block-katex-display-block katex-eq\" data-katex-display=\"true\"><pre>C_{eq} = \\frac{6}{5}C<\/pre><\/div>\n\n\n\n<p>Esta aplica\u00e7\u00e3o deve ser desenvolvida em Python, utilizando-se o Google Colaboratory. O grupo de at\u00e9 tr\u00eas componentes dever\u00e1 desenvolver um notebook com o conte\u00fado b\u00e1sico sobre capacitores e capacit\u00e2ncia, apresentar a resolu\u00e7\u00e3o passo-a-passo, com a imagem do circuito planificado, demostrando sua natureza mista, mostrando os capacitores em s\u00e9rie e paralelo. <\/p>\n\n\n\n<p>Nas condi\u00e7\u00f5es acima, crie um programa em python que:<\/p>\n\n\n\n<p>1 &#8211; O programa em python deve estar integrado ao notebook desenvolvido;<\/p>\n\n\n\n<p>2 &#8211; Solicite ao usu\u00e1rio o valor dos capacitores, considerando que todos s\u00e3o iguais;<\/p>\n\n\n\n<p>3 &#8211; Solicite ao usu\u00e1rio a tens\u00e3o da bateria;<\/p>\n\n\n\n<p>4 &#8211; Solicite ao usu\u00e1rio que informe qual ser\u00e1 a chave ligada, partindo do princ\u00edpio que ambas est\u00e3o inicialmente desligadas;<\/p>\n\n\n\n<p>O programa deve mostrar como resultado os valores digitados pelo usu\u00e1rio e a carga el\u00e9trica total armazenada na associa\u00e7\u00e3o de capacitores.<\/p>\n","protected":false},"excerpt":{"rendered":"<p>Usam-se 12 capacitores iguais de valor C para construir as arestas de um cubo como indicado na figura e assume-se que todas as chaves est\u00e3o abertas. Mostre que a capacit\u00e2ncia equivalente Ceq, quando&nbsp;a chave A \u00e9 ligada, vale: Mostre que a capacit\u00e2ncia equivalente Ceq, quando a chave B \u00e9 ligada, vale: Esta aplica\u00e7\u00e3o deve ser&hellip; <br \/> <a class=\"read-more\" href=\"https:\/\/fiziko.net\/?page_id=1102\">Leia mais<\/a><\/p>\n","protected":false},"author":1,"featured_media":0,"parent":0,"menu_order":0,"comment_status":"closed","ping_status":"closed","template":"","meta":{"footnotes":""},"class_list":["post-1102","page","type-page","status-publish","hentry"],"_links":{"self":[{"href":"https:\/\/fiziko.net\/index.php?rest_route=\/wp\/v2\/pages\/1102","targetHints":{"allow":["GET"]}}],"collection":[{"href":"https:\/\/fiziko.net\/index.php?rest_route=\/wp\/v2\/pages"}],"about":[{"href":"https:\/\/fiziko.net\/index.php?rest_route=\/wp\/v2\/types\/page"}],"author":[{"embeddable":true,"href":"https:\/\/fiziko.net\/index.php?rest_route=\/wp\/v2\/users\/1"}],"replies":[{"embeddable":true,"href":"https:\/\/fiziko.net\/index.php?rest_route=%2Fwp%2Fv2%2Fcomments&post=1102"}],"version-history":[{"count":9,"href":"https:\/\/fiziko.net\/index.php?rest_route=\/wp\/v2\/pages\/1102\/revisions"}],"predecessor-version":[{"id":1122,"href":"https:\/\/fiziko.net\/index.php?rest_route=\/wp\/v2\/pages\/1102\/revisions\/1122"}],"wp:attachment":[{"href":"https:\/\/fiziko.net\/index.php?rest_route=%2Fwp%2Fv2%2Fmedia&parent=1102"}],"curies":[{"name":"wp","href":"https:\/\/api.w.org\/{rel}","templated":true}]}}