{"id":1124,"date":"2024-01-31T10:40:50","date_gmt":"2024-01-31T14:40:50","guid":{"rendered":"https:\/\/fiziko.net\/?page_id=1124"},"modified":"2024-01-31T10:40:51","modified_gmt":"2024-01-31T14:40:51","slug":"simulacao-ilusao-e-osciladores","status":"publish","type":"page","link":"https:\/\/fiziko.net\/?page_id=1124","title":{"rendered":"Simula\u00e7\u00e3o: Ilus\u00e3o e Osciladores"},"content":{"rendered":"\n<p>Sabe-se que o modelo mais simples de Oscilador Harm\u00f4nico \u00e9 o sistema massa-mola, que consiste em prender uma mola de constante el\u00e1stica <em>k<\/em> em um bloco de massa <em>m<\/em>, tendo-se uma das extremidades da mola presa \u00e0 parede, considerando-se que n\u00e3o h\u00e1 atrito entre o bloco e a superf\u00edcie horizontal sobre a qual o sistema est\u00e1 montado, veja a figura 1.<\/p>\n\n\n\n<p>Utilizando-se as Leis de Newton da Mec\u00e2nica e a lei de Hooke, que descreve a for\u00e7a produzida por uma mola sobre um bloco de massa <em>m<\/em>, obtem-se, para o movimento ao longo da dire\u00e7\u00e3o<\/p>\n\n\n<div class=\"wp-block-image\">\n<figure class=\"aligncenter size-full\"><img fetchpriority=\"high\" decoding=\"async\" width=\"634\" height=\"274\" src=\"https:\/\/fiziko.net\/wp-content\/uploads\/2024\/01\/image.png\" alt=\"\" class=\"wp-image-1125\" srcset=\"https:\/\/fiziko.net\/wp-content\/uploads\/2024\/01\/image.png 634w, https:\/\/fiziko.net\/wp-content\/uploads\/2024\/01\/image-300x130.png 300w\" sizes=\"(max-width: 634px) 100vw, 634px\" \/><\/figure>\n<\/div>\n\n\n<div class=\"wp-block-katex-display-block katex-eq\" data-katex-display=\"true\"><pre>F_{Rx}=F_{el}=-kx=m\\frac{d^2x}{dt^2}<\/pre><\/div>\n\n\n\n<p>logo, a equa\u00e7\u00e3o de movimento o oscilador harm\u00f4nico massa-mola \u00e9<\/p>\n\n\n\n<div class=\"wp-block-katex-display-block katex-eq\" data-katex-display=\"true\"><pre>\\frac{d^2x}{dt^2}+\\frac{k}{m}x=0<\/pre><\/div>\n\n\n\n<p>Como sabe-se, a for\u00e7a el\u00e1stica F<sub>el<\/sub> \u00e9 uma for\u00e7a conservativa, associando-se a ela uma energia potencial U(x) dada por:<\/p>\n\n\n\n<div class=\"wp-block-katex-display-block katex-eq\" data-katex-display=\"true\"><pre>U(x) = \\frac{1}{2}kx^2<\/pre><\/div>\n\n\n\n<p>tomando-se a posi\u00e7\u00e3o inicial de relaxamento da mola em x<sub>i<\/sub> = 0, o que nos d\u00e1<\/p>\n\n\n\n<div class=\"wp-block-katex-display-block katex-eq\" data-katex-display=\"true\"><pre>F_{el}=-\\frac{dU}{dx}<\/pre><\/div>\n\n\n\n<p>A Solu\u00e7\u00e3o da equa\u00e7\u00e3o de movimento encontrada \u00e9 uma fun\u00e7\u00e3o peri\u00f3dica, da forma x(t) = x(t + T)<\/p>\n\n\n\n<p>Como a oscila\u00e7\u00e3o iniciar\u00e1 na extremidade positiva do eixo <em>x<\/em>, podemos sugerir a solu\u00e7\u00e3o sendo uma fun\u00e7\u00e3o tipo trigonom\u00e9trica, logo<\/p>\n\n\n\n<div class=\"wp-block-katex-display-block katex-eq\" data-katex-display=\"true\"><pre>x(t) = x_{m} cos(wt+\\theta)<\/pre><\/div>\n\n\n\n<p>onde w \u00e9 a frequ\u00eancia angular do oscilador, dada por w = 2\u03c0\/T, onde T \u00e9 o per\u00edodo do movimento de oscila\u00e7\u00e3o,<\/p>\n\n\n\n<p>x<sub>m<\/sub> \u00e9 amplitude de oscila\u00e7\u00e3o, o maior valor que <em>x<\/em> pode assumir, \u03b8 \u00e9 a fase inicial e t \u00e9 o tempo.<\/p>\n\n\n\n<p>Pode-se mostrar que, se a oscila\u00e7\u00e3o for ao longo do eixo <em>y<\/em>, tem-se<\/p>\n\n\n\n<div class=\"wp-block-katex-display-block katex-eq\" data-katex-display=\"true\"><pre>y(t) = y_{m} sin(wt + \\theta)<\/pre><\/div>\n\n\n\n<p>onde y<sub>m<\/sub> \u00e9 amplitude de oscila\u00e7\u00e3o, o maior valor que <em>y<\/em> pode assumir.<\/p>\n\n\n\n<p>Na figura 2, pode-se observar a rela\u00e7\u00e3o entre o Movimento Circular uniforme da part\u00edcula Q e o Movimento Harm\u00f4nico Simples representado pelo ponto P que \u00e9 a proje\u00e7\u00e3o ao longo do eixo <em>x<\/em>.<\/p>\n\n\n<div class=\"wp-block-image\">\n<figure class=\"aligncenter size-full\"><img decoding=\"async\" width=\"577\" height=\"455\" src=\"https:\/\/fiziko.net\/wp-content\/uploads\/2024\/01\/image-1.png\" alt=\"\" class=\"wp-image-1126\" srcset=\"https:\/\/fiziko.net\/wp-content\/uploads\/2024\/01\/image-1.png 577w, https:\/\/fiziko.net\/wp-content\/uploads\/2024\/01\/image-1-300x237.png 300w\" sizes=\"(max-width: 577px) 100vw, 577px\" \/><\/figure>\n<\/div>\n\n\n<p>Pode-se concluir que a part\u00edcula em MCU combina os MHS de cada eixo, o que nos d\u00e1<\/p>\n\n\n\n<div class=\"wp-block-katex-display-block katex-eq\" data-katex-display=\"true\"><pre>\\begin{cases}\nx(t) =&amp;A\\cos(wt+\\theta) \\\\\ny(t) =&amp;A\\sin(wt+\\theta)\n\\end{cases}<\/pre><\/div>\n\n\n\n<p>V\u00ea-se que a part\u00edcula descreve um movimento circular com o raio da circunfer\u00eancia igual a A,<\/p>\n\n\n\n<div class=\"wp-block-katex-display-block katex-eq\" data-katex-display=\"true\"><pre>x^2 = A^2 \\cos^2(wt+\\theta)<\/pre><\/div>\n\n\n\n<div class=\"wp-block-katex-display-block katex-eq\" data-katex-display=\"true\"><pre>y^2 = A^2 \\sin^2(wt+\\theta)<\/pre><\/div>\n\n\n\n<p>utilizando-se a identidade<\/p>\n\n\n\n<div class=\"wp-block-katex-display-block katex-eq\" data-katex-display=\"true\"><pre>\\sin^2(wt+\\theta)+\\cos^2(wt+\\theta)=1<\/pre><\/div>\n\n\n\n<p>Tem-se<\/p>\n\n\n\n<div class=\"wp-block-katex-display-block katex-eq\" data-katex-display=\"true\"><pre>x^2+y^2=A^2<\/pre><\/div>\n\n\n\n<p>Considere uma part\u00edcula em MHS movendo-se em uma reta crescente passando pela origem do sistema,<\/p>\n\n\n\n<div class=\"wp-block-katex-display-block katex-eq\" data-katex-display=\"true\"><pre>y=(\\tan \\phi) x<\/pre><\/div>\n\n\n\n<p>Vemos que a componente y e x devem possuir a condi\u00e7\u00e3o<\/p>\n\n\n\n<div class=\"wp-block-katex-display-block katex-eq\" data-katex-display=\"true\"><pre>\\sin \\phi y = \\cos \\phi x<\/pre><\/div>\n\n\n\n<p>Assim, caso \u03c6 = \u03c0\/4, tem-se a part\u00edcula movendo-se ao longo da reta inclinada, crescente igual a<\/p>\n\n\n\n<div class=\"wp-block-katex-display-block katex-eq\" data-katex-display=\"true\"><pre>y=(\\tan \\frac{\\pi}{4}) x<\/pre><\/div>\n\n\n\n<p>O resultado \u00e9 mostrado no video a seguir;<\/p>\n\n\n\n<figure class=\"wp-block-embed is-type-video is-provider-youtube wp-block-embed-youtube wp-embed-aspect-16-9 wp-has-aspect-ratio\"><div class=\"wp-block-embed__wrapper\">\nhttps:\/\/youtu.be\/GfGqRHAJ0Ug\n<\/div><\/figure>\n","protected":false},"excerpt":{"rendered":"<p>Sabe-se que o modelo mais simples de Oscilador Harm\u00f4nico \u00e9 o sistema massa-mola, que consiste em prender uma mola de constante el\u00e1stica k em um bloco de massa m, tendo-se uma das extremidades da mola presa \u00e0 parede, considerando-se que n\u00e3o h\u00e1 atrito entre o bloco e a superf\u00edcie horizontal sobre a qual o sistema&hellip; <br \/> <a class=\"read-more\" href=\"https:\/\/fiziko.net\/?page_id=1124\">Leia mais<\/a><\/p>\n","protected":false},"author":1,"featured_media":0,"parent":0,"menu_order":0,"comment_status":"closed","ping_status":"closed","template":"","meta":{"footnotes":""},"class_list":["post-1124","page","type-page","status-publish","hentry"],"_links":{"self":[{"href":"https:\/\/fiziko.net\/index.php?rest_route=\/wp\/v2\/pages\/1124","targetHints":{"allow":["GET"]}}],"collection":[{"href":"https:\/\/fiziko.net\/index.php?rest_route=\/wp\/v2\/pages"}],"about":[{"href":"https:\/\/fiziko.net\/index.php?rest_route=\/wp\/v2\/types\/page"}],"author":[{"embeddable":true,"href":"https:\/\/fiziko.net\/index.php?rest_route=\/wp\/v2\/users\/1"}],"replies":[{"embeddable":true,"href":"https:\/\/fiziko.net\/index.php?rest_route=%2Fwp%2Fv2%2Fcomments&post=1124"}],"version-history":[{"count":1,"href":"https:\/\/fiziko.net\/index.php?rest_route=\/wp\/v2\/pages\/1124\/revisions"}],"predecessor-version":[{"id":1127,"href":"https:\/\/fiziko.net\/index.php?rest_route=\/wp\/v2\/pages\/1124\/revisions\/1127"}],"wp:attachment":[{"href":"https:\/\/fiziko.net\/index.php?rest_route=%2Fwp%2Fv2%2Fmedia&parent=1124"}],"curies":[{"name":"wp","href":"https:\/\/api.w.org\/{rel}","templated":true}]}}