{"id":115,"date":"2019-09-27T10:22:39","date_gmt":"2019-09-27T13:22:39","guid":{"rendered":"http:\/\/fiziko.net\/?page_id=115"},"modified":"2020-06-24T14:39:09","modified_gmt":"2020-06-24T18:39:09","slug":"fisica-4-optica-e-fisica-moderna","status":"publish","type":"page","link":"https:\/\/fiziko.net\/?page_id=115","title":{"rendered":"F\u00edsica 4 &#8211; \u00d3ptica e F\u00edsica Moderna"},"content":{"rendered":"\n<p>Objetivos<\/p>\n\n\n\n<div class=\"wp-block-katex-display-block katex-eq\" data-katex-display=\"true\">\\Delta t = \\frac{\\Delta t_{0}}{\\sqrt{a-\\beta ^2}} \n<\/div>\n","protected":false},"excerpt":{"rendered":"<p>Objetivos<\/p>\n","protected":false},"author":1,"featured_media":0,"parent":0,"menu_order":0,"comment_status":"closed","ping_status":"closed","template":"","meta":{"footnotes":""},"class_list":["post-115","page","type-page","status-publish","hentry"],"_links":{"self":[{"href":"https:\/\/fiziko.net\/index.php?rest_route=\/wp\/v2\/pages\/115","targetHints":{"allow":["GET"]}}],"collection":[{"href":"https:\/\/fiziko.net\/index.php?rest_route=\/wp\/v2\/pages"}],"about":[{"href":"https:\/\/fiziko.net\/index.php?rest_route=\/wp\/v2\/types\/page"}],"author":[{"embeddable":true,"href":"https:\/\/fiziko.net\/index.php?rest_route=\/wp\/v2\/users\/1"}],"replies":[{"embeddable":true,"href":"https:\/\/fiziko.net\/index.php?rest_route=%2Fwp%2Fv2%2Fcomments&post=115"}],"version-history":[{"count":7,"href":"https:\/\/fiziko.net\/index.php?rest_route=\/wp\/v2\/pages\/115\/revisions"}],"predecessor-version":[{"id":200,"href":"https:\/\/fiziko.net\/index.php?rest_route=\/wp\/v2\/pages\/115\/revisions\/200"}],"wp:attachment":[{"href":"https:\/\/fiziko.net\/index.php?rest_route=%2Fwp%2Fv2%2Fmedia&parent=115"}],"curies":[{"name":"wp","href":"https:\/\/api.w.org\/{rel}","templated":true}]}}