{"id":128,"date":"2019-10-14T10:18:30","date_gmt":"2019-10-14T13:18:30","guid":{"rendered":"http:\/\/fiziko.net\/?page_id=128"},"modified":"2021-07-07T12:45:16","modified_gmt":"2021-07-07T16:45:16","slug":"elementor-128","status":"publish","type":"page","link":"https:\/\/fiziko.net\/?page_id=128","title":{"rendered":"Pulso Triangular &#8211; Ondas"},"content":{"rendered":"\t\t<div data-elementor-type=\"wp-page\" data-elementor-id=\"128\" class=\"elementor elementor-128\">\n\t\t\t\t\t\t<section class=\"elementor-section elementor-top-section elementor-element elementor-element-42929a8 elementor-section-boxed elementor-section-height-default elementor-section-height-default\" data-id=\"42929a8\" data-element_type=\"section\" data-e-type=\"section\">\n\t\t\t\t\t\t<div class=\"elementor-container elementor-column-gap-default\">\n\t\t\t\t\t<div class=\"elementor-column elementor-col-100 elementor-top-column elementor-element elementor-element-fa5e650\" data-id=\"fa5e650\" data-element_type=\"column\" data-e-type=\"column\">\n\t\t\t<div class=\"elementor-widget-wrap elementor-element-populated\">\n\t\t\t\t\t\t<div class=\"elementor-element elementor-element-8a2aac6 elementor-widget elementor-widget-heading\" data-id=\"8a2aac6\" data-element_type=\"widget\" data-e-type=\"widget\" data-widget_type=\"heading.default\">\n\t\t\t\t<div class=\"elementor-widget-container\">\n\t\t\t\t\t<h2 class=\"elementor-heading-title elementor-size-default\">Pulso Triangular - Ondas<\/h2>\t\t\t\t<\/div>\n\t\t\t\t<\/div>\n\t\t\t\t\t<\/div>\n\t\t<\/div>\n\t\t\t\t\t<\/div>\n\t\t<\/section>\n\t\t\t\t<section class=\"elementor-section elementor-top-section elementor-element elementor-element-9edaf9e elementor-section-boxed elementor-section-height-default elementor-section-height-default\" data-id=\"9edaf9e\" data-element_type=\"section\" data-e-type=\"section\">\n\t\t\t\t\t\t<div class=\"elementor-container elementor-column-gap-default\">\n\t\t\t\t\t<div class=\"elementor-column elementor-col-100 elementor-top-column elementor-element elementor-element-e1e23c5\" data-id=\"e1e23c5\" data-element_type=\"column\" data-e-type=\"column\">\n\t\t\t<div class=\"elementor-widget-wrap elementor-element-populated\">\n\t\t\t\t\t\t<div class=\"elementor-element elementor-element-e9fc572 elementor-widget elementor-widget-text-editor\" data-id=\"e9fc572\" data-element_type=\"widget\" data-e-type=\"widget\" data-widget_type=\"text-editor.default\">\n\t\t\t\t<div class=\"elementor-widget-container\">\n\t\t\t\t\t\t\t\t\t<h3><span style=\"color: #000000;\">Um pulso ondulat\u00f3rio triangular em uma corda esticada propaga-se no sentido +x com velocidade <i>v<\/i>. A tens\u00e3o na corda \u00e9 <i>F<\/i>, e a densidade linear da corda \u00e9 <span style=\"font-family: Liberation Serif, serif;\">\u03bc<\/span><span style=\"font-family: Liberation Serif, serif;\">. Em um instante <\/span><span style=\"font-family: Liberation Serif, serif;\"><i>t, <\/i><\/span><span style=\"font-family: Liberation Serif, serif;\">a forma do pulso \u00e9 dada por:<\/span><\/span><\/h3>\t\t\t\t\t\t\t\t<\/div>\n\t\t\t\t<\/div>\n\t\t\t\t\t<\/div>\n\t\t<\/div>\n\t\t\t\t\t<\/div>\n\t\t<\/section>\n\t\t\t\t<section class=\"elementor-section elementor-top-section elementor-element elementor-element-f4d34d9 elementor-section-boxed elementor-section-height-default elementor-section-height-default\" data-id=\"f4d34d9\" data-element_type=\"section\" data-e-type=\"section\">\n\t\t\t\t\t\t<div class=\"elementor-container elementor-column-gap-default\">\n\t\t\t\t\t<div class=\"elementor-column elementor-col-100 elementor-top-column elementor-element elementor-element-b3623ee\" data-id=\"b3623ee\" data-element_type=\"column\" data-e-type=\"column\">\n\t\t\t<div class=\"elementor-widget-wrap elementor-element-populated\">\n\t\t\t\t\t\t<div class=\"elementor-element elementor-element-289810d elementor-widget elementor-widget-image\" data-id=\"289810d\" data-element_type=\"widget\" data-e-type=\"widget\" data-widget_type=\"image.default\">\n\t\t\t\t<div class=\"elementor-widget-container\">\n\t\t\t\t\t\t\t\t\t\t\t\t\t\t\t<img decoding=\"async\" width=\"263\" height=\"126\" src=\"https:\/\/fiziko.net\/wp-content\/uploads\/2019\/10\/Pulso-triangular_html_ae7cb0add97a0a6c.gif\" class=\"attachment-medium size-medium wp-image-130\" alt=\"\" \/>\t\t\t\t\t\t\t\t\t\t\t\t\t\t\t<\/div>\n\t\t\t\t<\/div>\n\t\t\t\t\t<\/div>\n\t\t<\/div>\n\t\t\t\t\t<\/div>\n\t\t<\/section>\n\t\t\t\t<section class=\"elementor-section elementor-top-section elementor-element elementor-element-f920f34 elementor-section-boxed elementor-section-height-default elementor-section-height-default\" data-id=\"f920f34\" data-element_type=\"section\" data-e-type=\"section\">\n\t\t\t\t\t\t<div class=\"elementor-container elementor-column-gap-default\">\n\t\t\t\t\t<div class=\"elementor-column elementor-col-100 elementor-top-column elementor-element elementor-element-6e26b99\" data-id=\"6e26b99\" data-element_type=\"column\" data-e-type=\"column\">\n\t\t\t<div class=\"elementor-widget-wrap elementor-element-populated\">\n\t\t\t\t\t\t<div class=\"elementor-element elementor-element-5670358 elementor-widget elementor-widget-text-editor\" data-id=\"5670358\" data-element_type=\"widget\" data-e-type=\"widget\" data-widget_type=\"text-editor.default\">\n\t\t\t\t<div class=\"elementor-widget-container\">\n\t\t\t\t\t\t\t\t\t<h3 align=\"justify\"><span style=\"font-family: 'Liberation Serif', serif; color: #000000;\">No Geogebra<\/span><\/h3><h3 align=\"justify\"><span style=\"font-family: 'Liberation Serif', serif; color: #000000;\">1 \u2013 Crie os controles deslizantes;<\/span><\/h3><h3 align=\"justify\"><span style=\"font-family: 'Liberation Serif', serif; color: #000000;\"> 0 \u2264 t \u2264 3; 0 \u2264 <i>v<\/i> \u2264 10; 0 \u2264 L \u2264 5; -5 \u2264 h \u2264 5; -5 \u2264 r \u2264 -5; -5 \u2264 w \u2264 -5; -10 \u2264 d \u2264 0;<\/span><\/h3><h3 align=\"justify\"><span style=\"font-family: 'Liberation Serif', serif; color: #000000;\"> t \u2261 tempo<\/span><\/h3><h3 align=\"justify\"><span style=\"font-family: 'Liberation Serif', serif; color: #000000;\"> <i>v<\/i> \u2261 velocidade do pulso progressiva<\/span><\/h3><h3 align=\"justify\"><span style=\"font-family: 'Liberation Serif', serif; color: #000000;\"> w \u2261 velocidade do pulso retr\u00f3grada<\/span><\/h3><h3 align=\"justify\"><span style=\"font-family: 'Liberation Serif', serif; color: #000000;\"> L \u2261 largura dos pulsos<\/span><\/h3><h3 align=\"justify\"><span style=\"font-family: 'Liberation Serif', serif; color: #000000;\"> h \u2261 altura do pulso progressivo<\/span><\/h3><h3 align=\"justify\"><span style=\"font-family: 'Liberation Serif', serif; color: #000000;\"> r \u2261 altura do pulso retr\u00f3grado<\/span><\/h3><h3 align=\"justify\"><span style=\"font-family: 'Liberation Serif', serif; color: #000000;\"> d \u2261 dist\u00e2ncia entre os pulsos<\/span><\/h3><h3 align=\"justify\"><span style=\"font-family: 'Liberation Serif', serif; color: #000000;\">2 \u2013 Escreva a equa\u00e7\u00e3o do pulso progressivo g(x), no campo de entrada do Geogebra;<\/span><\/h3><h3 align=\"justify\"><span style=\"font-family: 'Liberation Serif', serif; color: #000000;\">3 \u2013 Escreva a equa\u00e7\u00e3o do pulso retr\u00f3grado f(x), no campo de entrada do Geogebra, incluindo a vari\u00e1vel d, que representa a dist\u00e2ncia entre os pulsos;<\/span><\/h3><h3 align=\"justify\"><span style=\"font-family: 'Liberation Serif', serif; color: #000000;\">4 \u2013 Escreva a express\u00e3o da onda resultante utilizando o princ\u00edpio da superposi\u00e7\u00e3o.<\/span><\/h3>\t\t\t\t\t\t\t\t<\/div>\n\t\t\t\t<\/div>\n\t\t\t\t\t<\/div>\n\t\t<\/div>\n\t\t\t\t\t<\/div>\n\t\t<\/section>\n\t\t\t\t<section class=\"elementor-section elementor-top-section elementor-element elementor-element-dee81bd elementor-section-boxed elementor-section-height-default elementor-section-height-default\" data-id=\"dee81bd\" data-element_type=\"section\" data-e-type=\"section\">\n\t\t\t\t\t\t<div class=\"elementor-container elementor-column-gap-default\">\n\t\t\t\t\t<div class=\"elementor-column elementor-col-100 elementor-top-column elementor-element elementor-element-f0a4ff6\" data-id=\"f0a4ff6\" data-element_type=\"column\" data-e-type=\"column\">\n\t\t\t<div class=\"elementor-widget-wrap elementor-element-populated\">\n\t\t\t\t\t\t<div class=\"elementor-element elementor-element-24ae941 elementor-widget elementor-widget-video\" data-id=\"24ae941\" data-element_type=\"widget\" data-e-type=\"widget\" data-settings=\"{&quot;youtube_url&quot;:&quot;https:\\\/\\\/youtu.be\\\/K5FUCgA-TrQ&quot;,&quot;video_type&quot;:&quot;youtube&quot;,&quot;controls&quot;:&quot;yes&quot;}\" data-widget_type=\"video.default\">\n\t\t\t\t<div class=\"elementor-widget-container\">\n\t\t\t\t\t\t\t<div class=\"elementor-wrapper elementor-open-inline\">\n\t\t\t<div class=\"elementor-video\"><\/div>\t\t<\/div>\n\t\t\t\t\t\t<\/div>\n\t\t\t\t<\/div>\n\t\t\t\t\t<\/div>\n\t\t<\/div>\n\t\t\t\t\t<\/div>\n\t\t<\/section>\n\t\t\t\t<\/div>\n\t\t","protected":false},"excerpt":{"rendered":"<p>Pulso Triangular &#8211; Ondas Um pulso ondulat\u00f3rio triangular em uma corda esticada propaga-se no sentido +x com velocidade v. A tens\u00e3o na corda \u00e9 F, e a densidade linear da corda \u00e9 \u03bc. Em um instante t, a forma do pulso \u00e9 dada por: No Geogebra 1 \u2013 Crie os controles deslizantes; 0 \u2264 t&hellip; <br \/> <a class=\"read-more\" href=\"https:\/\/fiziko.net\/?page_id=128\">Leia mais<\/a><\/p>\n","protected":false},"author":1,"featured_media":0,"parent":0,"menu_order":0,"comment_status":"closed","ping_status":"closed","template":"","meta":{"footnotes":""},"class_list":["post-128","page","type-page","status-publish","hentry"],"_links":{"self":[{"href":"https:\/\/fiziko.net\/index.php?rest_route=\/wp\/v2\/pages\/128","targetHints":{"allow":["GET"]}}],"collection":[{"href":"https:\/\/fiziko.net\/index.php?rest_route=\/wp\/v2\/pages"}],"about":[{"href":"https:\/\/fiziko.net\/index.php?rest_route=\/wp\/v2\/types\/page"}],"author":[{"embeddable":true,"href":"https:\/\/fiziko.net\/index.php?rest_route=\/wp\/v2\/users\/1"}],"replies":[{"embeddable":true,"href":"https:\/\/fiziko.net\/index.php?rest_route=%2Fwp%2Fv2%2Fcomments&post=128"}],"version-history":[{"count":6,"href":"https:\/\/fiziko.net\/index.php?rest_route=\/wp\/v2\/pages\/128\/revisions"}],"predecessor-version":[{"id":907,"href":"https:\/\/fiziko.net\/index.php?rest_route=\/wp\/v2\/pages\/128\/revisions\/907"}],"wp:attachment":[{"href":"https:\/\/fiziko.net\/index.php?rest_route=%2Fwp%2Fv2%2Fmedia&parent=128"}],"curies":[{"name":"wp","href":"https:\/\/api.w.org\/{rel}","templated":true}]}}