{"id":1284,"date":"2026-03-04T08:40:29","date_gmt":"2026-03-04T12:40:29","guid":{"rendered":"https:\/\/fiziko.net\/?page_id=1284"},"modified":"2026-03-04T08:47:44","modified_gmt":"2026-03-04T12:47:44","slug":"estacao-ciencia","status":"publish","type":"page","link":"https:\/\/fiziko.net\/?page_id=1284","title":{"rendered":"Esta\u00e7\u00e3o Ci\u00eancia"},"content":{"rendered":"\n<p>Esta p\u00e1gina \u00e9 didicada a divulga\u00e7\u00e3o das atividade do Projeto.<\/p>\n\n\n\n<p><\/p>\n","protected":false},"excerpt":{"rendered":"<p>Esta p\u00e1gina \u00e9 didicada a divulga\u00e7\u00e3o das atividade do Projeto.<\/p>\n","protected":false},"author":1,"featured_media":0,"parent":0,"menu_order":0,"comment_status":"closed","ping_status":"closed","template":"","meta":{"footnotes":""},"class_list":["post-1284","page","type-page","status-publish","hentry"],"_links":{"self":[{"href":"https:\/\/fiziko.net\/index.php?rest_route=\/wp\/v2\/pages\/1284","targetHints":{"allow":["GET"]}}],"collection":[{"href":"https:\/\/fiziko.net\/index.php?rest_route=\/wp\/v2\/pages"}],"about":[{"href":"https:\/\/fiziko.net\/index.php?rest_route=\/wp\/v2\/types\/page"}],"author":[{"embeddable":true,"href":"https:\/\/fiziko.net\/index.php?rest_route=\/wp\/v2\/users\/1"}],"replies":[{"embeddable":true,"href":"https:\/\/fiziko.net\/index.php?rest_route=%2Fwp%2Fv2%2Fcomments&post=1284"}],"version-history":[{"count":7,"href":"https:\/\/fiziko.net\/index.php?rest_route=\/wp\/v2\/pages\/1284\/revisions"}],"predecessor-version":[{"id":1308,"href":"https:\/\/fiziko.net\/index.php?rest_route=\/wp\/v2\/pages\/1284\/revisions\/1308"}],"wp:attachment":[{"href":"https:\/\/fiziko.net\/index.php?rest_route=%2Fwp%2Fv2%2Fmedia&parent=1284"}],"curies":[{"name":"wp","href":"https:\/\/api.w.org\/{rel}","templated":true}]}}