{"id":134,"date":"2019-10-14T10:35:26","date_gmt":"2019-10-14T13:35:26","guid":{"rendered":"http:\/\/fiziko.net\/?page_id=134"},"modified":"2021-06-15T10:34:42","modified_gmt":"2021-06-15T14:34:42","slug":"ondas-estacionarias","status":"publish","type":"page","link":"https:\/\/fiziko.net\/?page_id=134","title":{"rendered":"Ondas Estacion\u00e1rias"},"content":{"rendered":"\t\t<div data-elementor-type=\"wp-page\" data-elementor-id=\"134\" class=\"elementor elementor-134\">\n\t\t\t\t\t\t<section class=\"elementor-section elementor-top-section elementor-element elementor-element-1b815bd elementor-section-boxed elementor-section-height-default elementor-section-height-default\" data-id=\"1b815bd\" data-element_type=\"section\" data-e-type=\"section\">\n\t\t\t\t\t\t<div class=\"elementor-container elementor-column-gap-default\">\n\t\t\t\t\t<div class=\"elementor-column elementor-col-100 elementor-top-column elementor-element elementor-element-8ecdcc8\" data-id=\"8ecdcc8\" data-element_type=\"column\" data-e-type=\"column\">\n\t\t\t<div class=\"elementor-widget-wrap elementor-element-populated\">\n\t\t\t\t\t\t<div class=\"elementor-element elementor-element-51e03f8 elementor-widget elementor-widget-heading\" data-id=\"51e03f8\" data-element_type=\"widget\" data-e-type=\"widget\" data-widget_type=\"heading.default\">\n\t\t\t\t<div class=\"elementor-widget-container\">\n\t\t\t\t\t<h2 class=\"elementor-heading-title elementor-size-default\">No Geogebra<\/h2>\t\t\t\t<\/div>\n\t\t\t\t<\/div>\n\t\t\t\t\t<\/div>\n\t\t<\/div>\n\t\t\t\t\t<\/div>\n\t\t<\/section>\n\t\t\t\t<section class=\"elementor-section elementor-top-section elementor-element elementor-element-b12e2f2 elementor-section-boxed elementor-section-height-default elementor-section-height-default\" data-id=\"b12e2f2\" data-element_type=\"section\" data-e-type=\"section\">\n\t\t\t\t\t\t<div class=\"elementor-container elementor-column-gap-default\">\n\t\t\t\t\t<div class=\"elementor-column elementor-col-100 elementor-top-column elementor-element elementor-element-52790f3\" data-id=\"52790f3\" data-element_type=\"column\" data-e-type=\"column\">\n\t\t\t<div class=\"elementor-widget-wrap elementor-element-populated\">\n\t\t\t\t\t\t<div class=\"elementor-element elementor-element-6ed28a8 elementor-widget elementor-widget-text-editor\" data-id=\"6ed28a8\" data-element_type=\"widget\" data-e-type=\"widget\" data-widget_type=\"text-editor.default\">\n\t\t\t\t<div class=\"elementor-widget-container\">\n\t\t\t\t\t\t\t\t\t<h3><span style=\"color: #000000;\">Considere uma corda de comprimento L = 2,0 m presa, em uma de suas extremidades, a uma m\u00e1quina geradora de ondas enquanto a outra extremidade passa por uma roldana e fica presa a um bloco cujo peso \u00e9 F = 100 N, e a densidade linear de massa \u00b5 = 0,002 kg\/m, apresenta um padr\u00e3o de ondas estacion\u00e1rias.<\/span><br \/><span style=\"color: #000000;\">(a) Qual \u00e9 a frequ\u00eancia da onda produzida pela m\u00e1quina?<\/span><br \/><span style=\"color: #000000;\">(b) Determine o modo de vibra\u00e7\u00e3o da onda.<\/span><br \/><span style=\"color: #000000;\">Para a simula\u00e7\u00e3o, considere os valores do comprimento do fio (L = 20), Frequ\u00eancia fundamental\u00a0 \u00a0 \u00a0 (f = 1) e Amplitude (A = 3).<\/span><br \/><span style=\"color: #000000;\">1 &#8211; Crie dois controles deslizantes, uma para o tempo (t) e outro para o modo de vibra\u00e7\u00e3o (n). Lembre que n \u00e9 um n\u00famero natural.<\/span><br \/><span style=\"color: #000000;\">2 &#8211; Escreva as fun\u00e7\u00f5es de ondas incidente e refletida dependendo de (x,t,n,L,f).<\/span><br \/><span style=\"color: #000000;\">3 &#8211; Escreva a onda resultante e limite seu movimento ao comprimento do fio.\u00a0<\/span><\/h3>\t\t\t\t\t\t\t\t<\/div>\n\t\t\t\t<\/div>\n\t\t\t\t\t<\/div>\n\t\t<\/div>\n\t\t\t\t\t<\/div>\n\t\t<\/section>\n\t\t\t\t<section class=\"elementor-section elementor-top-section elementor-element elementor-element-b5efc25 elementor-section-boxed elementor-section-height-default elementor-section-height-default\" data-id=\"b5efc25\" data-element_type=\"section\" data-e-type=\"section\">\n\t\t\t\t\t\t<div class=\"elementor-container elementor-column-gap-default\">\n\t\t\t\t\t<div class=\"elementor-column elementor-col-100 elementor-top-column elementor-element elementor-element-9c10636\" data-id=\"9c10636\" data-element_type=\"column\" data-e-type=\"column\">\n\t\t\t<div class=\"elementor-widget-wrap elementor-element-populated\">\n\t\t\t\t\t\t<div class=\"elementor-element elementor-element-85336a6 elementor-widget elementor-widget-image\" data-id=\"85336a6\" data-element_type=\"widget\" data-e-type=\"widget\" data-widget_type=\"image.default\">\n\t\t\t\t<div class=\"elementor-widget-container\">\n\t\t\t\t\t\t\t\t\t\t\t\t\t\t\t<img fetchpriority=\"high\" decoding=\"async\" width=\"768\" height=\"411\" src=\"https:\/\/fiziko.net\/wp-content\/uploads\/2021\/06\/OndaEstacionaria-768x411.png\" class=\"attachment-medium_large size-medium_large wp-image-901\" alt=\"\" srcset=\"https:\/\/fiziko.net\/wp-content\/uploads\/2021\/06\/OndaEstacionaria-768x411.png 768w, https:\/\/fiziko.net\/wp-content\/uploads\/2021\/06\/OndaEstacionaria-300x161.png 300w, https:\/\/fiziko.net\/wp-content\/uploads\/2021\/06\/OndaEstacionaria-1024x548.png 1024w, https:\/\/fiziko.net\/wp-content\/uploads\/2021\/06\/OndaEstacionaria-1536x822.png 1536w, https:\/\/fiziko.net\/wp-content\/uploads\/2021\/06\/OndaEstacionaria.png 1920w\" sizes=\"(max-width: 768px) 100vw, 768px\" \/>\t\t\t\t\t\t\t\t\t\t\t\t\t\t\t<\/div>\n\t\t\t\t<\/div>\n\t\t\t\t\t<\/div>\n\t\t<\/div>\n\t\t\t\t\t<\/div>\n\t\t<\/section>\n\t\t\t\t<\/div>\n\t\t","protected":false},"excerpt":{"rendered":"<p>No Geogebra Considere uma corda de comprimento L = 2,0 m presa, em uma de suas extremidades, a uma m\u00e1quina geradora de ondas enquanto a outra extremidade passa por uma roldana e fica presa a um bloco cujo peso \u00e9 F = 100 N, e a densidade linear de massa \u00b5 = 0,002 kg\/m, apresenta&hellip; <br \/> <a class=\"read-more\" href=\"https:\/\/fiziko.net\/?page_id=134\">Leia mais<\/a><\/p>\n","protected":false},"author":1,"featured_media":0,"parent":0,"menu_order":0,"comment_status":"closed","ping_status":"closed","template":"","meta":{"footnotes":""},"class_list":["post-134","page","type-page","status-publish","hentry"],"_links":{"self":[{"href":"https:\/\/fiziko.net\/index.php?rest_route=\/wp\/v2\/pages\/134","targetHints":{"allow":["GET"]}}],"collection":[{"href":"https:\/\/fiziko.net\/index.php?rest_route=\/wp\/v2\/pages"}],"about":[{"href":"https:\/\/fiziko.net\/index.php?rest_route=\/wp\/v2\/types\/page"}],"author":[{"embeddable":true,"href":"https:\/\/fiziko.net\/index.php?rest_route=\/wp\/v2\/users\/1"}],"replies":[{"embeddable":true,"href":"https:\/\/fiziko.net\/index.php?rest_route=%2Fwp%2Fv2%2Fcomments&post=134"}],"version-history":[{"count":7,"href":"https:\/\/fiziko.net\/index.php?rest_route=\/wp\/v2\/pages\/134\/revisions"}],"predecessor-version":[{"id":904,"href":"https:\/\/fiziko.net\/index.php?rest_route=\/wp\/v2\/pages\/134\/revisions\/904"}],"wp:attachment":[{"href":"https:\/\/fiziko.net\/index.php?rest_route=%2Fwp%2Fv2%2Fmedia&parent=134"}],"curies":[{"name":"wp","href":"https:\/\/api.w.org\/{rel}","templated":true}]}}