{"id":140,"date":"2019-10-14T11:06:20","date_gmt":"2019-10-14T14:06:20","guid":{"rendered":"http:\/\/fiziko.net\/?page_id=140"},"modified":"2021-05-27T09:24:23","modified_gmt":"2021-05-27T13:24:23","slug":"ondas-perpendiculares","status":"publish","type":"page","link":"https:\/\/fiziko.net\/?page_id=140","title":{"rendered":"Osciladores Perpendiculares"},"content":{"rendered":"\n<p class=\"has-text-align-left\"><strong>No Python, utilizando a biblioteca Vpython<\/strong><\/p>\n\n\n\n<p class=\"has-text-align-left\">1 &#8211; Crie um oscilador preso a duas molas com dire\u00e7\u00f5es perpendiculares;<\/p>\n\n\n\n<p class=\"has-text-align-left\">2 &#8211; O oscilador dever\u00e1 ser conectado na mesma part\u00edcula de massa <em>m<\/em>;<\/p>\n\n\n\n<p class=\"has-text-align-left\">3 &#8211; Utilizando os objetos sphere (criar a part\u00edcula ), box ( criar as paredes ) e helix ( criar as molas ), monte o esquema abaixo; Configure para centralizar as molas ao desenho da figura de Lissajous.<\/p>\n\n\n\n<div class=\"wp-block-image\"><figure class=\"aligncenter size-large is-resized\"><img fetchpriority=\"high\" decoding=\"async\" src=\"http:\/\/fiziko.net\/wp-content\/uploads\/2021\/05\/OsciladoresPerpendiculares.png\" alt=\"\" class=\"wp-image-898\" width=\"629\" height=\"453\" srcset=\"https:\/\/fiziko.net\/wp-content\/uploads\/2021\/05\/OsciladoresPerpendiculares.png 838w, https:\/\/fiziko.net\/wp-content\/uploads\/2021\/05\/OsciladoresPerpendiculares-300x216.png 300w, https:\/\/fiziko.net\/wp-content\/uploads\/2021\/05\/OsciladoresPerpendiculares-768x554.png 768w\" sizes=\"(max-width: 629px) 100vw, 629px\" \/><figcaption>Osciladores Perpendiculares<\/figcaption><\/figure><\/div>\n\n\n\n<p class=\"has-text-align-left\">4 &#8211; O oscilador possui o comportamento nas dire\u00e7\u00f5es <em>x<\/em> e <em>y<\/em> dados por:<\/p>\n\n\n\n<div class=\"wp-block-katex-display-block katex-eq\" data-katex-display=\"true\"><pre>\\begin{cases}\nx = A_{1} \\cos (\\omega_{1} t + \\theta_{1}) \\\\\ny = A_{2} \\sin (\\omega_{2} t + \\theta_{2})\n\\end{cases}<\/pre><\/div>\n\n\n\n<p class=\"has-text-align-left\">5 &#8211; A posi\u00e7\u00e3o da part\u00edcula \u00e9 dada pelo vetor:<\/p>\n\n\n\n<div class=\"wp-block-katex-display-block katex-eq\" data-katex-display=\"true\"><pre>\\vec{r} = x \\hat{i} + y\\hat{j}<\/pre><\/div>\n\n\n\n<p class=\"has-text-align-left\"> 6 &#8211; O usu\u00e1rio poder\u00e1 trocar os valores das frequ\u00eancias, das amplitudes e das constantes de fase, de modo a produzir diferentes modos de vibra\u00e7\u00e3o;<\/p>\n\n\n\n<p class=\"has-text-align-left\">7 &#8211; Reproduza o modo de vibra\u00e7\u00e3o do exemplo da figura e encontre a combina\u00e7\u00e3o de valores que descreve o modo de vibra\u00e7\u00e3o que desenha um s\u00edmbolo de infinito.<\/p>\n\n\n\n<figure class=\"wp-block-image size-large is-resized\"><img decoding=\"async\" src=\"http:\/\/fiziko.net\/wp-content\/uploads\/2021\/05\/OsciladoresPerpendicularesInfinito.png\" alt=\"\" class=\"wp-image-899\" width=\"489\" height=\"410\" srcset=\"https:\/\/fiziko.net\/wp-content\/uploads\/2021\/05\/OsciladoresPerpendicularesInfinito.png 652w, https:\/\/fiziko.net\/wp-content\/uploads\/2021\/05\/OsciladoresPerpendicularesInfinito-300x251.png 300w\" sizes=\"(max-width: 489px) 100vw, 489px\" \/><\/figure>\n\n\n\n<p><\/p>\n","protected":false},"excerpt":{"rendered":"<p>No Python, utilizando a biblioteca Vpython 1 &#8211; Crie um oscilador preso a duas molas com dire\u00e7\u00f5es perpendiculares; 2 &#8211; O oscilador dever\u00e1 ser conectado na mesma part\u00edcula de massa m; 3 &#8211; Utilizando os objetos sphere (criar a part\u00edcula ), box ( criar as paredes ) e helix ( criar as molas ), monte&hellip; <br \/> <a class=\"read-more\" href=\"https:\/\/fiziko.net\/?page_id=140\">Leia mais<\/a><\/p>\n","protected":false},"author":1,"featured_media":0,"parent":0,"menu_order":0,"comment_status":"closed","ping_status":"closed","template":"","meta":{"footnotes":""},"class_list":["post-140","page","type-page","status-publish","hentry"],"_links":{"self":[{"href":"https:\/\/fiziko.net\/index.php?rest_route=\/wp\/v2\/pages\/140","targetHints":{"allow":["GET"]}}],"collection":[{"href":"https:\/\/fiziko.net\/index.php?rest_route=\/wp\/v2\/pages"}],"about":[{"href":"https:\/\/fiziko.net\/index.php?rest_route=\/wp\/v2\/types\/page"}],"author":[{"embeddable":true,"href":"https:\/\/fiziko.net\/index.php?rest_route=\/wp\/v2\/users\/1"}],"replies":[{"embeddable":true,"href":"https:\/\/fiziko.net\/index.php?rest_route=%2Fwp%2Fv2%2Fcomments&post=140"}],"version-history":[{"count":7,"href":"https:\/\/fiziko.net\/index.php?rest_route=\/wp\/v2\/pages\/140\/revisions"}],"predecessor-version":[{"id":900,"href":"https:\/\/fiziko.net\/index.php?rest_route=\/wp\/v2\/pages\/140\/revisions\/900"}],"wp:attachment":[{"href":"https:\/\/fiziko.net\/index.php?rest_route=%2Fwp%2Fv2%2Fmedia&parent=140"}],"curies":[{"name":"wp","href":"https:\/\/api.w.org\/{rel}","templated":true}]}}