{"id":149,"date":"2019-11-06T11:25:57","date_gmt":"2019-11-06T13:25:57","guid":{"rendered":"http:\/\/fiziko.net\/?page_id=149"},"modified":"2022-09-26T08:37:10","modified_gmt":"2022-09-26T12:37:10","slug":"escalas-de-temperatura","status":"publish","type":"page","link":"https:\/\/fiziko.net\/?page_id=149","title":{"rendered":"Escalas de Temperatura"},"content":{"rendered":"\t\t<div data-elementor-type=\"wp-page\" data-elementor-id=\"149\" class=\"elementor elementor-149\">\n\t\t\t\t\t\t<section class=\"elementor-section elementor-top-section elementor-element elementor-element-158439b elementor-section-boxed elementor-section-height-default elementor-section-height-default\" data-id=\"158439b\" data-element_type=\"section\" data-e-type=\"section\">\n\t\t\t\t\t\t<div class=\"elementor-container elementor-column-gap-default\">\n\t\t\t\t\t<div class=\"elementor-column elementor-col-100 elementor-top-column elementor-element elementor-element-c08c80d\" data-id=\"c08c80d\" data-element_type=\"column\" data-e-type=\"column\">\n\t\t\t<div class=\"elementor-widget-wrap elementor-element-populated\">\n\t\t\t\t\t\t<div class=\"elementor-element elementor-element-bafc738 elementor-widget elementor-widget-heading\" data-id=\"bafc738\" data-element_type=\"widget\" data-e-type=\"widget\" data-widget_type=\"heading.default\">\n\t\t\t\t<div class=\"elementor-widget-container\">\n\t\t\t\t\t<h3 class=\"elementor-heading-title elementor-size-default\">Conversor de Temperturas<\/h3>\t\t\t\t<\/div>\n\t\t\t\t<\/div>\n\t\t\t\t\t<\/div>\n\t\t<\/div>\n\t\t\t\t\t<\/div>\n\t\t<\/section>\n\t\t\t\t<section class=\"elementor-section elementor-top-section elementor-element elementor-element-2d338ae elementor-section-boxed elementor-section-height-default elementor-section-height-default\" data-id=\"2d338ae\" data-element_type=\"section\" data-e-type=\"section\">\n\t\t\t\t\t\t<div class=\"elementor-container elementor-column-gap-default\">\n\t\t\t\t\t<div class=\"elementor-column elementor-col-100 elementor-top-column elementor-element elementor-element-c3980b1\" data-id=\"c3980b1\" data-element_type=\"column\" data-e-type=\"column\">\n\t\t\t<div class=\"elementor-widget-wrap elementor-element-populated\">\n\t\t\t\t\t\t<div class=\"elementor-element elementor-element-7a02f82 elementor-widget elementor-widget-text-editor\" data-id=\"7a02f82\" data-element_type=\"widget\" data-e-type=\"widget\" data-widget_type=\"text-editor.default\">\n\t\t\t\t<div class=\"elementor-widget-container\">\n\t\t\t\t\t\t\t\t\t<p><span style=\"color: #000000;\">Este conversor deve ser desenvolvido em Python.<\/span><\/p>\n<p><span style=\"color: #000000;\">O usu\u00e1rio dever\u00e1 informar qual a escala de temperatura que ir\u00e1 utilizar como entrada de dados.<\/span><\/p>\n<p><span style=\"color: #000000;\">As escalas de entrada ser\u00e3o:<\/span><\/p>\n<p><span style=\"color: #000000;\">1 &#8211; Celsius (\u00b0C)<\/span><\/p>\n<p><span style=\"color: #000000;\">2 &#8211; Fahrenheit (\u00b0F)<\/span><\/p>\n<p><span style=\"color: #000000;\">3 &#8211; Kelvin (K)<\/span><\/p>\n<p><span style=\"color: #000000;\">4 &#8211; Rankine (Ra)<\/span><\/p>\n<p><span style=\"color: #000000;\">O programa dever\u00e1 solicitar o valor da temperatura que o usu\u00e1rio deseja converter e guardar em uma vari\u00e1vel para ser utilizada no c\u00e1lculo das temperaturas.<\/span><\/p>\n<p><span style=\"color: #000000;\">O programa dever\u00e1 retornar o valor digitado com a unidade escolhida, e ainda, os valores da temperatura digitada nas escalas C\u00e9lsius (\u00b0C), Fahrenheit (\u00b0F), Kelvin (K) e Rankine (\u00b0Ra).<\/span><\/p>\t\t\t\t\t\t\t\t<\/div>\n\t\t\t\t<\/div>\n\t\t\t\t\t<\/div>\n\t\t<\/div>\n\t\t\t\t\t<\/div>\n\t\t<\/section>\n\t\t\t\t<section class=\"elementor-section elementor-top-section elementor-element elementor-element-26f73fa elementor-section-boxed elementor-section-height-default elementor-section-height-default\" data-id=\"26f73fa\" data-element_type=\"section\" data-e-type=\"section\">\n\t\t\t\t\t\t<div class=\"elementor-container elementor-column-gap-default\">\n\t\t\t\t\t<div class=\"elementor-column elementor-col-100 elementor-top-column elementor-element elementor-element-e870c6d\" data-id=\"e870c6d\" data-element_type=\"column\" data-e-type=\"column\">\n\t\t\t<div class=\"elementor-widget-wrap elementor-element-populated\">\n\t\t\t\t\t\t<div class=\"elementor-element elementor-element-a7ec5f4 elementor-widget elementor-widget-html\" data-id=\"a7ec5f4\" data-element_type=\"widget\" data-e-type=\"widget\" data-widget_type=\"html.default\">\n\t\t\t\t<div class=\"elementor-widget-container\">\n\t\t\t\t\t\n<iframe src=\"https:\/\/trinket.io\/embed\/python3\/055c60f8a0\" width=\"100%\" height=\"356\" frameborder=\"0\" marginwidth=\"0\" marginheight=\"0\" allowfullscreen><\/iframe>\n\t\t\t\t<\/div>\n\t\t\t\t<\/div>\n\t\t\t\t\t<\/div>\n\t\t<\/div>\n\t\t\t\t\t<\/div>\n\t\t<\/section>\n\t\t\t\t<\/div>\n\t\t","protected":false},"excerpt":{"rendered":"<p>Conversor de Temperturas Este conversor deve ser desenvolvido em Python. O usu\u00e1rio dever\u00e1 informar qual a escala de temperatura que ir\u00e1 utilizar como entrada de dados. As escalas de entrada ser\u00e3o: 1 &#8211; Celsius (\u00b0C) 2 &#8211; Fahrenheit (\u00b0F) 3 &#8211; Kelvin (K) 4 &#8211; Rankine (Ra) O programa dever\u00e1 solicitar o valor da temperatura&hellip; <br \/> <a class=\"read-more\" href=\"https:\/\/fiziko.net\/?page_id=149\">Leia mais<\/a><\/p>\n","protected":false},"author":1,"featured_media":0,"parent":0,"menu_order":0,"comment_status":"closed","ping_status":"closed","template":"","meta":{"footnotes":""},"class_list":["post-149","page","type-page","status-publish","hentry"],"_links":{"self":[{"href":"https:\/\/fiziko.net\/index.php?rest_route=\/wp\/v2\/pages\/149","targetHints":{"allow":["GET"]}}],"collection":[{"href":"https:\/\/fiziko.net\/index.php?rest_route=\/wp\/v2\/pages"}],"about":[{"href":"https:\/\/fiziko.net\/index.php?rest_route=\/wp\/v2\/types\/page"}],"author":[{"embeddable":true,"href":"https:\/\/fiziko.net\/index.php?rest_route=\/wp\/v2\/users\/1"}],"replies":[{"embeddable":true,"href":"https:\/\/fiziko.net\/index.php?rest_route=%2Fwp%2Fv2%2Fcomments&post=149"}],"version-history":[{"count":5,"href":"https:\/\/fiziko.net\/index.php?rest_route=\/wp\/v2\/pages\/149\/revisions"}],"predecessor-version":[{"id":974,"href":"https:\/\/fiziko.net\/index.php?rest_route=\/wp\/v2\/pages\/149\/revisions\/974"}],"wp:attachment":[{"href":"https:\/\/fiziko.net\/index.php?rest_route=%2Fwp%2Fv2%2Fmedia&parent=149"}],"curies":[{"name":"wp","href":"https:\/\/api.w.org\/{rel}","templated":true}]}}