{"id":545,"date":"2020-08-25T21:04:25","date_gmt":"2020-08-26T01:04:25","guid":{"rendered":"http:\/\/fiziko.net\/?page_id=545"},"modified":"2020-10-19T18:12:38","modified_gmt":"2020-10-19T22:12:38","slug":"conservacao-de-energia","status":"publish","type":"page","link":"https:\/\/fiziko.net\/?page_id=545","title":{"rendered":"Conserva\u00e7\u00e3o de Energia"},"content":{"rendered":"\n<p class=\"has-text-align-left\">Dizemos que uma <strong><em>for\u00e7a \u00e9 conservativa<\/em><\/strong> quando o trabalho em um deslocamento depende dos seus pontos inicial e final. <\/p>\n\n\n\n<p class=\"has-text-align-left\">Chamaremos de <strong><em>posi\u00e7\u00e3o-padr\u00e3o<\/em><\/strong> a posi\u00e7\u00e3o final no intervalo de integra\u00e7\u00e3o e deixaremos a posi\u00e7\u00e3o inicial livre para assumir qualquer valor poss\u00edvel, e para toda for\u00e7a conservativa podemos associar uma fun\u00e7\u00e3o que chamaremos de <strong><em>energia potencial<\/em><\/strong> e \u00e9 definida pela integral a seguir<\/p>\n\n\n\n<div class=\"wp-block-katex-display-block katex-eq\" data-katex-display=\"true\">U(r)=\\int_{r_i}^{r_f}{\\vec{F} \\sdot d\\vec{r}}=\\int_{r}^{r_p}{\\vec{F} \\sdot d\\vec{r}}=W(r,r_p)<\/div>\n\n\n\n<p class=\"has-text-align-left\">A energia potencial de uma part\u00edcula em uma dada posi\u00e7\u00e3o \u00e9 o trabalho que seria realizado pela for\u00e7a conservativa, se a part\u00edcula fosse dessa posi\u00e7\u00e3o at\u00e9 uma posi\u00e7\u00e3o fixa escolhida como padr\u00e3o.<\/p>\n\n\n\n<p class=\"has-text-align-left\">Utilizando-se as propriedades do trabalho de for\u00e7as conservativas podemos escrever que<\/p>\n\n\n\n<div class=\"wp-block-katex-display-block katex-eq\" data-katex-display=\"true\">W(r_1,r_2)=W(r_1,r_p)+W(r_p,r_2) \\\\\nW(r_1,r_2)=W(r_1,r_p)-W(r_2,r_p) \\\\\nW(r_1,r_2)=U(r_1)-U(r_2) \\\\\nW(r_1,r_2)=- \\left[U(r_2)-U(r_1) \\right] \\\\<\/div>\n\n\n\n<p class=\"has-text-align-left\">conclui-se que, o trabalho realizado por uma for\u00e7a conservativa sobre uma part\u00edcula, quando ela sofre um certo deslocamento, e menos a varia\u00e7\u00e3o da energia potencial nesse deslocamento.<\/p>\n\n\n\n<div class=\"wp-block-katex-display-block katex-eq\" data-katex-display=\"true\">W_{fc}=-\\Delta U<\/div>\n\n\n\n<p class=\"has-text-align-left\">A defini\u00e7\u00e3o acima indica que o trabalho da for\u00e7a conservativa \u00e9 igual a menos a varia\u00e7\u00e3o da energia potencial.<\/p>\n\n\n\n<p class=\"has-text-align-left\">Se uma for\u00e7a tem componente apenas ao longo de uma dada dire\u00e7\u00e3o e \u00e9 conservativa, ent\u00e3o sua componente \u00e9 o negativo da derivada da energia potencial em rela\u00e7\u00e3o \u00e0 coordenada dessa dire\u00e7\u00e3o, logo<\/p>\n\n\n\n<div class=\"wp-block-katex-display-block katex-eq\" data-katex-display=\"true\">F_r=- \\frac{dU(r)}{dr}<\/div>\n\n\n\n<p class=\"has-text-align-left\">Vamos considerar que um objeto de massa <em>m<\/em> est\u00e1 sobre a influ\u00eancia de N for\u00e7as, que podem ser <em>conservativas<\/em> ou <em>n\u00e3o-conservativas<\/em>, assim, a for\u00e7a resultante \u00e9 escrita como<\/p>\n\n\n\n<div class=\"wp-block-katex-display-block katex-eq\" data-katex-display=\"true\">\\vec{F_R}=\\sum_{i=1}^{N}{\\vec{F_i}} <\/div>\n\n\n\n<p class=\"has-text-align-left\">Podemos separar essas for\u00e7as em dois grupos, <strong>F<\/strong> (for\u00e7as conservativas) e <strong>F&#8217; <\/strong>(for\u00e7as n\u00e3o-conservativas), logo<\/p>\n\n\n\n<div class=\"wp-block-katex-display-block katex-eq\" data-katex-display=\"true\">\\vec{F}_R=\\sum_{k=1}^{n}{\\vec{F}_k}+\\sum_{l=1}^{m}{\\vec{F&#8217;}_l}<\/div>\n\n\n\n<p class=\"has-text-align-left\">onde N=n+m.<\/p>\n\n\n\n<p class=\"has-text-align-left\">Calculando-se o trabalho da for\u00e7a resultante, obtemos<\/p>\n\n\n\n<div class=\"wp-block-katex-display-block katex-eq\" data-katex-display=\"true\">W(\\vec{F}_R)=W_T=\\sum_{k=1}^{n}{\\int{\\vec{F}_k}\\sdot d\\vec{r}}+\\sum_{l=1}^{m}{\\int{\\vec{F&#8217;}_l}\\sdot d\\vec{r}}<\/div>\n\n\n\n<p class=\"has-text-align-left\">Se utilizarmos o <em>teorema do trabalho-energia cin\u00e9tica<\/em>, temos<\/p>\n\n\n\n<div class=\"wp-block-katex-display-block katex-eq\" data-katex-display=\"true\">W_T=\\Delta E_c=\\frac{1}{2}mv_{f}^{2}-\\frac{1}{2}mv_{i}^{2}<\/div>\n\n\n\n<p class=\"has-text-align-left\">logo,<\/p>\n\n\n\n<div class=\"wp-block-katex-display-block katex-eq\" data-katex-display=\"true\">\\frac{1}{2}mv_{f}^{2}-\\frac{1}{2}mv_{i}^{2}=\\sum_{k=1}^{n}{\\int{\\vec{F}_k}\\sdot d\\vec{r}}+\\sum_{l=1}^{m}{\\int{\\vec{F&#8217;}_l}\\sdot d\\vec{r}}<\/div>\n\n\n\n<p class=\"has-text-align-left\">Sabemos que o trabalho das for\u00e7as conservativas \u00e9 igual ao negativo da varia\u00e7\u00e3o da energia potencial<\/p>\n\n\n\n<div class=\"wp-block-katex-display-block katex-eq\" data-katex-display=\"true\">\\sum_{k=1}^{n}{\\int{\\vec{F}_k}\\sdot d\\vec{r}}=-\\sum_{k=1}^{n}{\\Delta U_k}<\/div>\n\n\n\n<p class=\"has-text-align-left\">portanto,<\/p>\n\n\n\n<div class=\"wp-block-katex-display-block katex-eq\" data-katex-display=\"true\">\\frac{1}{2}mv_{f}^{2}-\\frac{1}{2}mv_{i}^{2}=-\\sum_{k=1}^{n}{\\Delta U_k}+\\sum_{l=1}^{m}{\\int{\\vec{F&#8217;}_l}\\sdot d\\vec{r}}<\/div>\n\n\n\n<div class=\"wp-block-katex-display-block katex-eq\" data-katex-display=\"true\">\\sum_{l=1}^{m}{\\int{\\vec{F&#8217;}_l}\\sdot d\\vec{r}}=\\frac{1}{2}mv_{f}^{2}-\\frac{1}{2}mv_{i}^{2}+\\sum_{k=1}^{n}{\\Delta U_k}<\/div>\n\n\n\n<p class=\"has-text-align-left\">O lado esquerdo da equa\u00e7\u00e3o acima \u00e9 o trabalho total das <em>for\u00e7as n\u00e3o-conservativas<\/em> e o lado direito \u00e9 a varia\u00e7\u00e3o da <strong><em>energia mec\u00e2nica<\/em><\/strong> da part\u00edcula, resultando<\/p>\n\n\n\n<div class=\"wp-block-katex-display-block katex-eq\" data-katex-display=\"true\">W_{fnc}=\\sum_{l=1}^{m}{\\int{\\vec{F&#8217;}_l}\\sdot d\\vec{r}}<\/div>\n\n\n\n<p class=\"has-text-align-left\">e a <strong><em>energia mec\u00e2nica<\/em><\/strong> \u00e9 difinida como<\/p>\n\n\n\n<div class=\"wp-block-katex-display-block katex-eq\" data-katex-display=\"true\">\\Delta E=\\frac{1}{2}mv_{f}^{2}-\\frac{1}{2}mv_{i}^{2}+\\sum_{k=1}^{n}{ \\left(U_{k,f}- U_{k,i}\\right)}<\/div>\n\n\n\n<div class=\"wp-block-katex-display-block katex-eq\" data-katex-display=\"true\">\\Delta E=\\frac{1}{2}mv_{f}^{2} +\\sum_{k=1}^{n}{U_{k,f}}- \\left[ \\frac{1}{2}mv_{i}^{2}+\\sum_{k=1}^{n}{  U_{k,i}} \\right]<\/div>\n\n\n\n<div class=\"wp-block-katex-display-block katex-eq\" data-katex-display=\"true\">\\Delta E=E_f-E_i<\/div>\n\n\n\n<p class=\"has-text-align-left\">Onde a <strong><em>energia mec\u00e2nica<\/em><\/strong> \u00e9 definida como<\/p>\n\n\n\n<div class=\"wp-block-katex-display-block katex-eq\" data-katex-display=\"true\">E=\\frac{1}{2}mv^{2} +\\sum_{k=1}^{n}{U_{k}}<\/div>\n\n\n\n<p class=\"has-text-align-left\">Podemos enunciar a <strong><em>Lei da Conserva\u00e7\u00e3o da Energia<\/em><\/strong> como a varia\u00e7\u00e3o da energia mec\u00e2nica de uma part\u00edcula em qualquer intervalo de tempo \u00e9 igual ao trabalho realizado pela soma de todas as for\u00e7as nao-conservativas que agem sobre a part\u00edcula.<\/p>\n\n\n\n<div class=\"wp-block-katex-display-block katex-eq\" data-katex-display=\"true\">W_{fnc}=\\Delta E<\/div>\n\n\n\n<p class=\"has-text-align-left\">Fica bastante claro que, quando n\u00e3o h\u00e1 for\u00e7as dissipativas, ou seja, <em>for\u00e7as n\u00e3o-conservativas<\/em> atuando sobre a part\u00edcula de massa <em>m<\/em>, a <strong><em>energia mec\u00e2nica conservada<\/em><\/strong><\/p>\n\n\n\n<div class=\"wp-block-katex-display-block katex-eq\" data-katex-display=\"true\">W_{fnc}=0 \\\\\n\\Delta E=0<\/div>\n\n\n\n<p class=\"has-text-align-left\">logo,<\/p>\n\n\n\n<div class=\"wp-block-katex-display-block katex-eq\" data-katex-display=\"true\">\\frac{1}{2}mv_{f}^{2} +\\sum_{k=1}^{n}{U_{k,f}} = \\frac{1}{2}mv_{i}^{2}+\\sum_{k=1}^{n}{  U_{k,i}}<\/div>\n\n\n\n<p class=\"has-text-align-left\"><strong>ENERGIA POTENCIAL GRAVITACIONAL<\/strong><\/p>\n\n\n\n<div class=\"wp-block-katex-display-block katex-eq\" data-katex-display=\"true\">\\Delta U_g=mg(z_f-z_i)=mg(h_f-h_i)<\/div>\n\n\n\n<div class=\"wp-block-katex-display-block katex-eq\" data-katex-display=\"true\">\\Delta U_g=Gm_1m_2 \\left( \\frac{1}{r_f}-\\frac{1}{r_i}\\right)<\/div>\n\n\n\n<p class=\"has-text-align-left\"><strong>ENERGIA POTENCIAL EL\u00c1STICA<\/strong><\/p>\n\n\n\n<p class=\"has-text-align-left\">Em uma dimens\u00e3o, ou seja, ao longo do eixo <em>x<\/em><\/p>\n\n\n\n<div class=\"wp-block-katex-display-block katex-eq\" data-katex-display=\"true\">\\Delta U_e=\\frac{1}{2}k(x_{f}^{2}-x_{i}^{2})<\/div>\n\n\n\n<p><strong>APLICA\u00c7\u00d5ES<\/strong><\/p>\n\n\n\n<i class=\"large material-icons\">play_circle_outline<\/i>\n\n\n\n<figure class=\"wp-block-embed-youtube wp-block-embed is-type-video is-provider-youtube wp-embed-aspect-16-9 wp-has-aspect-ratio\"><div class=\"wp-block-embed__wrapper\">\n<div class='embed-container'><iframe title=\"Exerc\u00edcio 02 Conservacao de energia\" width=\"1920\" height=\"1080\" src=\"https:\/\/www.youtube.com\/embed\/kAx4Ex0ywZ8?feature=oembed\" frameborder=\"0\" allow=\"accelerometer; autoplay; encrypted-media; gyroscope; picture-in-picture\" allowfullscreen><\/iframe><\/div>\n<\/div><\/figure>\n\n\n\n<hr class=\"wp-block-separator\"\/>\n\n\n\n<i class=\"large material-icons\">play_circle_outline<\/i>\n\n\n\n<figure class=\"wp-block-embed-youtube wp-block-embed is-type-video is-provider-youtube wp-embed-aspect-16-9 wp-has-aspect-ratio\"><div class=\"wp-block-embed__wrapper\">\n<div class='embed-container'><iframe title=\"Exercicio 01 Conservacao de energia\" width=\"1920\" height=\"1080\" src=\"https:\/\/www.youtube.com\/embed\/jjkXu2vZquw?feature=oembed\" frameborder=\"0\" allow=\"accelerometer; autoplay; encrypted-media; gyroscope; picture-in-picture\" allowfullscreen><\/iframe><\/div>\n<\/div><\/figure>\n\n\n\n<hr class=\"wp-block-separator\"\/>\n\n\n\n<i class=\"large material-icons\">play_circle_outline<\/i>\n\n\n\n<figure class=\"wp-block-embed-youtube aligncenter wp-block-embed is-type-video is-provider-youtube wp-embed-aspect-16-9 wp-has-aspect-ratio\"><div class=\"wp-block-embed__wrapper\">\n<div class='embed-container'><iframe title=\"Exercicio 24 Fisica 1\" width=\"1920\" height=\"1080\" src=\"https:\/\/www.youtube.com\/embed\/r7HbbDibvoo?feature=oembed\" frameborder=\"0\" allow=\"accelerometer; autoplay; clipboard-write; encrypted-media; gyroscope; picture-in-picture\" allowfullscreen><\/iframe><\/div>\n<\/div><\/figure>\n\n\n\n<hr class=\"wp-block-separator\"\/>\n\n\n\n<p class=\"has-text-align-left\"><strong>REFER\u00caNCIAS<\/strong><\/p>\n\n\n\n<p class=\"has-text-align-left\">HIBBELER, R. C.&nbsp;<strong>Din\u00e2mica: Mec\u00e2nica para Engenharia<\/strong>. Edi\u00e7\u00e3o: 12 ed. S\u00e3o Paulo (SP): Pearson Universidades, 2010.<\/p>\n\n\n\n<p class=\"has-text-align-left\">NUSSENZVEIG, H. M.&nbsp;<strong>Curso de F\u00edsica B\u00e1sica: Mec\u00e2nica<\/strong>. Edi\u00e7\u00e3o: 5 ed. S\u00e3o Paulo \u2013 SP: Blucher, 2013.<\/p>\n\n\n\n<p class=\"has-text-align-left\">RESNICK, R.; WALKER, J.; HALLIDAY, D.&nbsp;<strong>Fundamentos de F\u00edsica \u2013 Volume 1 \u2013 Mec\u00e2nica<\/strong>. Edi\u00e7\u00e3o: 10 ed. Rio de Janeiro \u2013 RJ: LTC, 2016.<\/p>\n\n\n\n<p class=\"has-text-align-left\">SERWAY, R.; JEWETT, J.&nbsp;<strong>Princ\u00edpios de f\u00edsica \u2013 vol. I: Volume 1<\/strong>. Edi\u00e7\u00e3o: 2 ed. S\u00e3o Paulo-SP. Cengage Learning, 2014.<\/p>\n\n\n\n<p class=\"has-text-align-left\">YOUNG, H. D.; FREEDMAN, R. A.&nbsp;<strong>F\u00edsica de Sears &amp; Zemansky: Volume I: Mec\u00e2nica: Volume 1<\/strong>. Edi\u00e7\u00e3o: 14 ed. S\u00e3o Paulo \u2013 SP: Pearson Universidades, 2015.<\/p>\n","protected":false},"excerpt":{"rendered":"<p>Dizemos que uma for\u00e7a \u00e9 conservativa quando o trabalho em um deslocamento depende dos seus pontos inicial e final. Chamaremos de posi\u00e7\u00e3o-padr\u00e3o a posi\u00e7\u00e3o final no intervalo de integra\u00e7\u00e3o e deixaremos a posi\u00e7\u00e3o inicial livre para assumir qualquer valor poss\u00edvel, e para toda for\u00e7a conservativa podemos associar uma fun\u00e7\u00e3o que chamaremos de energia potencial e&hellip; <br \/> <a class=\"read-more\" href=\"https:\/\/fiziko.net\/?page_id=545\">Leia mais<\/a><\/p>\n","protected":false},"author":1,"featured_media":0,"parent":0,"menu_order":0,"comment_status":"closed","ping_status":"closed","template":"","meta":{"footnotes":""},"class_list":["post-545","page","type-page","status-publish","hentry"],"_links":{"self":[{"href":"https:\/\/fiziko.net\/index.php?rest_route=\/wp\/v2\/pages\/545","targetHints":{"allow":["GET"]}}],"collection":[{"href":"https:\/\/fiziko.net\/index.php?rest_route=\/wp\/v2\/pages"}],"about":[{"href":"https:\/\/fiziko.net\/index.php?rest_route=\/wp\/v2\/types\/page"}],"author":[{"embeddable":true,"href":"https:\/\/fiziko.net\/index.php?rest_route=\/wp\/v2\/users\/1"}],"replies":[{"embeddable":true,"href":"https:\/\/fiziko.net\/index.php?rest_route=%2Fwp%2Fv2%2Fcomments&post=545"}],"version-history":[{"count":12,"href":"https:\/\/fiziko.net\/index.php?rest_route=\/wp\/v2\/pages\/545\/revisions"}],"predecessor-version":[{"id":676,"href":"https:\/\/fiziko.net\/index.php?rest_route=\/wp\/v2\/pages\/545\/revisions\/676"}],"wp:attachment":[{"href":"https:\/\/fiziko.net\/index.php?rest_route=%2Fwp%2Fv2%2Fmedia&parent=545"}],"curies":[{"name":"wp","href":"https:\/\/api.w.org\/{rel}","templated":true}]}}