{"id":667,"date":"2020-10-19T16:00:24","date_gmt":"2020-10-19T20:00:24","guid":{"rendered":"http:\/\/fiziko.net\/?page_id=667"},"modified":"2020-10-19T16:43:52","modified_gmt":"2020-10-19T20:43:52","slug":"simulacao-colisoes","status":"publish","type":"page","link":"https:\/\/fiziko.net\/?page_id=667","title":{"rendered":"Simula\u00e7\u00e3o: Colis\u00f5es"},"content":{"rendered":"\n<p class=\"has-text-align-left\">Considere duas part\u00edculas colidindo unidimensionalmente. <\/p>\n\n\n\n<p class=\"has-text-align-left\">As part\u00edculas <em>m<sub>1<\/sub><\/em> com velocidade inicial <em>v<sub>1i<\/sub><\/em> e a part\u00edcula <em>m<sub>2<\/sub><\/em> com velocidade inicial <em>v<sub>2i<\/sub><\/em>, colidem unidimensionalmente, se a colis\u00e3o for inel\u00e1stica, considere que o <strong><em>coeficiente de restitui\u00e7\u00e3o e<\/em><\/strong> varia no intervalo de 0 a 1, onde, <strong><em>e = 0<\/em><\/strong> \u00e9 uma colis\u00e3o completamente inel\u00e1stica e <strong><em>e = 1<\/em><\/strong> um colis\u00e3o perfeitamente el\u00e1stica. Ap\u00f3s a colis\u00e3o, as part\u00edculas assumem as velocidades <em>v<sub>1f<\/sub><\/em>  para a part\u00edcula de massa <em>m<sub>1<\/sub><\/em> e <em>v<sub>2f<\/sub><\/em>  para  a part\u00edcula de massa <em>m<sub>2<\/sub><\/em>.<\/p>\n\n\n\n<figure class=\"wp-block-gallery aligncenter columns-2 is-cropped wp-block-gallery-1 is-layout-flex wp-block-gallery-is-layout-flex\"><ul class=\"blocks-gallery-grid\"><li class=\"blocks-gallery-item\"><figure><img decoding=\"async\" width=\"272\" height=\"179\" src=\"http:\/\/fiziko.net\/wp-content\/uploads\/2020\/10\/colisaoElastica.png\" alt=\"\" data-id=\"652\" data-full-url=\"http:\/\/fiziko.net\/wp-content\/uploads\/2020\/10\/colisaoElastica.png\" data-link=\"http:\/\/fiziko.net\/?attachment_id=652\" class=\"wp-image-652\"\/><figcaption class=\"blocks-gallery-item__caption\">Colis\u00f5es El\u00e1stica e Inel\u00e1stica<\/figcaption><\/figure><\/li><li class=\"blocks-gallery-item\"><figure><img fetchpriority=\"high\" decoding=\"async\" width=\"328\" height=\"194\" src=\"http:\/\/fiziko.net\/wp-content\/uploads\/2020\/10\/colisaoInelastica.png\" alt=\"\" data-id=\"659\" data-full-url=\"http:\/\/fiziko.net\/wp-content\/uploads\/2020\/10\/colisaoInelastica.png\" data-link=\"http:\/\/fiziko.net\/?attachment_id=659\" class=\"wp-image-659\" srcset=\"https:\/\/fiziko.net\/wp-content\/uploads\/2020\/10\/colisaoInelastica.png 328w, https:\/\/fiziko.net\/wp-content\/uploads\/2020\/10\/colisaoInelastica-300x177.png 300w\" sizes=\"(max-width: 328px) 100vw, 328px\" \/><figcaption class=\"blocks-gallery-item__caption\">Colis\u00e3o Completamente Inel\u00e1stica<\/figcaption><\/figure><\/li><\/ul><\/figure>\n\n\n\n<p class=\"has-text-align-left\">Mostre que as velocidades finais das part\u00edculas <em>m<sub>1<\/sub><\/em> e <em>m<sub>2<\/sub><\/em> , ap\u00f3s a colis\u00e3o, s\u00e3o determinadas por<\/p>\n\n\n\n<div class=\"wp-block-katex-display-block katex-eq\" data-katex-display=\"true\">\\begin{cases}\nv_{1f}=\\displaystyle\\frac{m_{1}-em_{2}}{m_{1}+m_{2}} v_{1i}+\\frac{(1+e)m_{2}}{m_{1}+m_{2}}v_{2i}\\\\\nv_{2f}=\\displaystyle\\frac{(1+e)m_{1}}{m_{1}+m_{2}}v_{1i}+\\frac{m_{2}-em_{1}}{m_{1}+m_{2}}v_{2i}\n\\end{cases}<\/div>\n\n\n\n<p class=\"has-text-align-left\">onde <strong>e<\/strong> \u00e9 o <em>coeficiente de restitui\u00e7\u00e3o<\/em>.<\/p>\n\n\n\n<p class=\"has-text-align-left\"><strong>INSTRU\u00c7\u00d5ES DE CONSTRU\u00c7\u00c3O NO GEOGEBRA<\/strong><\/p>\n\n\n\n<p class=\"has-text-align-left\">1 &#8211; Crie o controle deslizante do tempo ;<img decoding=\"async\" title=\"0 \\leqslant t \\leqslant 10\" src=\"https:\/\/latex.codecogs.com\/gif.latex?0&amp;space;\\leqslant&amp;space;t&amp;space;\\leqslant&amp;space;10\"><\/p>\n\n\n\n<p class=\"has-text-align-left\">2 &#8211; Crie o controle deslizante o coeficiente de restitui\u00e7\u00e3o <img decoding=\"async\" title=\"0 \\leqslant e \\leqslant 1\" src=\"https:\/\/latex.codecogs.com\/gif.latex?0&amp;space;\\leqslant&amp;space;e&amp;space;\\leqslant&amp;space;1\">;<\/p>\n\n\n\n<p class=\"has-text-align-left\">3 &#8211; Crie as vari\u00e1veis de massas <em>m<sub>1<\/sub><\/em>  e <em>m<sub>2<\/sub><\/em> , cujos valores poder\u00e3o se alterados pelo usu\u00e1rio;<\/p>\n\n\n\n<p class=\"has-text-align-left\">4 &#8211; Crie as vari\u00e1veis de velocidades <em>v<sub>1i<\/sub><\/em>  e <em>v<sub>2i<\/sub><\/em> , cujos valores poder\u00e3o ser alterados e tendo-se <em>v<sub>1i<\/sub><\/em> &gt; <em>v<sub>2i<\/sub><\/em> como condi\u00e7\u00e3o obrigat\u00f3ria para a colis\u00e3o;<\/p>\n\n\n\n<p class=\"has-text-align-left\">5 &#8211; Escreva as posi\u00e7\u00f5es iniciais de cada part\u00edcula e as fun\u00e7\u00f5es hor\u00e1rias da posi\u00e7\u00e3o de cada part\u00edcula, antes da colis\u00e3o;<\/p>\n\n\n\n<div class=\"wp-block-katex-display-block katex-eq\" data-katex-display=\"true\">\\begin{cases}\nx_{1f}=x_{1i}+v_{1i}t\\\\\nx_{2f}=x_{2i}+v_{2i}t\n\\end{cases}<\/div>\n\n\n\n<p class=\"has-text-align-left\">6 &#8211; Calcule o instante da colis\u00e3o <em>t<sub>c<\/sub><\/em> , igualando as posi\u00e7\u00f5es das part\u00edculas;<\/p>\n\n\n\n<div class=\"wp-block-katex-display-block katex-eq\" data-katex-display=\"true\">t_{c}=\\frac{x_{2i}-x_{1i}}{v_{1i}-v_{2i}}<\/div>\n\n\n\n<p class=\"has-text-align-left\">7 &#8211; Escreva as fun\u00e7\u00f5es hor\u00e1rias da posi\u00e7\u00e3o das part\u00edculas ap\u00f3s a colis\u00e3o. Lembre que as fun\u00e7\u00f5es devem considerar a posi\u00e7\u00e3o da colis\u00e3o como a posi\u00e7\u00e3o inicial das part\u00edculas e o cron\u00f4metro deve ser o mesmo de antes da colis\u00e3o, logo<\/p>\n\n\n\n<div class=\"wp-block-katex-display-block katex-eq\" data-katex-display=\"true\">\\begin{cases}\nx_{1f}=x_{1i}+v_{1i}t_{c} + v_{1f}(t-t_{c})\\\\\nx_{2f}=x_{2i}+v_{2i}t_{c} + v_{2f}(t-t_{c})\n\\end{cases}<\/div>\n\n\n\n<p class=\"has-text-align-left\">8 &#8211; Crie dois pontos <em>A<\/em> e <em>B<\/em>, que ir\u00e3o representar as part\u00edculas e escreva suas componentes,  considere que as posi\u00e7\u00f5es <em>y<\/em>  s\u00e3o nulas.<\/p>\n\n\n\n<p class=\"has-text-align-left\">9 &#8211; Monte o design da sua simula\u00e7\u00e3o.<\/p>\n\n\n\n<hr class=\"wp-block-separator\"\/>\n\n\n\n<figure class=\"wp-block-embed-youtube aligncenter wp-block-embed is-type-video is-provider-youtube wp-embed-aspect-16-9 wp-has-aspect-ratio\"><div class=\"wp-block-embed__wrapper\">\n<div class='embed-container'><iframe title=\"Simula\u00e7\u00e3o de Colis\u00f5es Unidimensionais\" width=\"1920\" height=\"1080\" src=\"https:\/\/www.youtube.com\/embed\/3lq8_3BqC3M?feature=oembed\" frameborder=\"0\" allow=\"accelerometer; autoplay; clipboard-write; encrypted-media; gyroscope; picture-in-picture\" allowfullscreen><\/iframe><\/div>\n<\/div><\/figure>\n","protected":false},"excerpt":{"rendered":"<p>Considere duas part\u00edculas colidindo unidimensionalmente. As part\u00edculas m1 com velocidade inicial v1i e a part\u00edcula m2 com velocidade inicial v2i, colidem unidimensionalmente, se a colis\u00e3o for inel\u00e1stica, considere que o coeficiente de restitui\u00e7\u00e3o e varia no intervalo de 0 a 1, onde, e = 0 \u00e9 uma colis\u00e3o completamente inel\u00e1stica e e = 1 um&hellip; <br \/> <a class=\"read-more\" href=\"https:\/\/fiziko.net\/?page_id=667\">Leia mais<\/a><\/p>\n","protected":false},"author":1,"featured_media":0,"parent":0,"menu_order":0,"comment_status":"closed","ping_status":"closed","template":"","meta":{"footnotes":""},"class_list":["post-667","page","type-page","status-publish","hentry"],"_links":{"self":[{"href":"https:\/\/fiziko.net\/index.php?rest_route=\/wp\/v2\/pages\/667","targetHints":{"allow":["GET"]}}],"collection":[{"href":"https:\/\/fiziko.net\/index.php?rest_route=\/wp\/v2\/pages"}],"about":[{"href":"https:\/\/fiziko.net\/index.php?rest_route=\/wp\/v2\/types\/page"}],"author":[{"embeddable":true,"href":"https:\/\/fiziko.net\/index.php?rest_route=\/wp\/v2\/users\/1"}],"replies":[{"embeddable":true,"href":"https:\/\/fiziko.net\/index.php?rest_route=%2Fwp%2Fv2%2Fcomments&post=667"}],"version-history":[{"count":3,"href":"https:\/\/fiziko.net\/index.php?rest_route=\/wp\/v2\/pages\/667\/revisions"}],"predecessor-version":[{"id":675,"href":"https:\/\/fiziko.net\/index.php?rest_route=\/wp\/v2\/pages\/667\/revisions\/675"}],"wp:attachment":[{"href":"https:\/\/fiziko.net\/index.php?rest_route=%2Fwp%2Fv2%2Fmedia&parent=667"}],"curies":[{"name":"wp","href":"https:\/\/api.w.org\/{rel}","templated":true}]}}