{"id":688,"date":"2020-12-07T12:05:40","date_gmt":"2020-12-07T16:05:40","guid":{"rendered":"http:\/\/fiziko.net\/?page_id=688"},"modified":"2020-12-11T22:37:37","modified_gmt":"2020-12-12T02:37:37","slug":"dinamica-de-rotacao","status":"publish","type":"page","link":"https:\/\/fiziko.net\/?page_id=688","title":{"rendered":"Din\u00e2mica de Rota\u00e7\u00e3o"},"content":{"rendered":"\n<p><strong>TORQUE<\/strong><\/p>\n\n\n\n<p class=\"has-text-align-left\">Iniciaremos o estudo do torque considerando um corpo r\u00edgido qualquer como o mostrado na figura, que est\u00e1 rotacionando em torno de um eixo que passa por <em>O<\/em> e seu centro de massa executa uma trajet\u00f3ria circular de raio R, devido a uma for\u00e7a <strong>F<\/strong>\u00a0aplicada no ponto <em>P<\/em> cujo vetor <strong>r<\/strong>\u00a0determina sua posi\u00e7\u00e3o. Sabemos que uma for\u00e7a aplicada sobre um corpo que se desloca no espa\u00e7o faz com que este corpo mude seu estado, neste caso, entenderemos que nos referimos \u00e0s grandezas f\u00edsicas que caracterizam o movimento, posi\u00e7\u00e3o, velocidade e acelera\u00e7\u00e3o, cabe investigar o que pode alterar ou causar um movimento de rota\u00e7\u00e3o, tal \u00e9 o interesse de estudarmos a grandeza <strong><em>torque<\/em><\/strong>.<\/p>\n\n\n\n<div class=\"wp-block-image\"><figure class=\"aligncenter size-large\"><img fetchpriority=\"high\" decoding=\"async\" width=\"322\" height=\"251\" src=\"http:\/\/fiziko.net\/wp-content\/uploads\/2020\/12\/Rotacao01.jpg\" alt=\"\" class=\"wp-image-694\" srcset=\"https:\/\/fiziko.net\/wp-content\/uploads\/2020\/12\/Rotacao01.jpg 322w, https:\/\/fiziko.net\/wp-content\/uploads\/2020\/12\/Rotacao01-300x234.jpg 300w\" sizes=\"(max-width: 322px) 100vw, 322px\" \/><figcaption>Corpo r\u00edgido qualquer girando em torno de um eixo que passa por O devido a uma for\u00e7a aplicada <strong>F<\/strong>.<\/figcaption><\/figure><\/div>\n\n\n\n<p class=\"has-text-align-left\">Simplificando nossa an\u00e1lise, consideraremos uma part\u00edcula de massa <em>m<\/em> se movimentando em uma trajet\u00f3ria circular de raio <em><strong>r<\/strong><\/em> sobre a a\u00e7\u00e3o de uma for\u00e7a aplicada <strong>F<\/strong>, que possui componentes radial e tangencial, <img decoding=\"async\" title=\"F_{r}=Fcos\\theta\" src=\"https:\/\/latex.codecogs.com\/gif.latex?F_{r}=Fcos\\theta\">\u00a0e <img decoding=\"async\" title=\"F_{t}=Fsen\\theta\" src=\"https:\/\/latex.codecogs.com\/gif.latex?F_{t}=Fsen\\theta\">,\u00a0respectivamente.<\/p>\n\n\n\n<div class=\"wp-block-image\"><figure class=\"aligncenter size-large\"><img decoding=\"async\" width=\"394\" height=\"394\" src=\"http:\/\/fiziko.net\/wp-content\/uploads\/2020\/12\/Rotacao02.jpg\" alt=\"\" class=\"wp-image-696\" srcset=\"https:\/\/fiziko.net\/wp-content\/uploads\/2020\/12\/Rotacao02.jpg 394w, https:\/\/fiziko.net\/wp-content\/uploads\/2020\/12\/Rotacao02-300x300.jpg 300w, https:\/\/fiziko.net\/wp-content\/uploads\/2020\/12\/Rotacao02-150x150.jpg 150w\" sizes=\"(max-width: 394px) 100vw, 394px\" \/><figcaption>Part\u00edcula de massa <em>m<\/em> sobre a a\u00e7\u00e3o de uma for\u00e7a <strong>F<\/strong>.<\/figcaption><\/figure><\/div>\n\n\n\n<p class=\"has-text-align-left\">Levando em considera\u00e7\u00e3o que o ponto <em>O<\/em> n\u00e3o se mover\u00e1, a \u00fanica componente da for\u00e7a que contribui para o movimento de rota\u00e7\u00e3o \u00e9 a componente tangencial <img decoding=\"async\" title=\"F_{t}=Fsen\\theta\" src=\"https:\/\/latex.codecogs.com\/gif.latex?F_{t}=Fsen\\theta\">. Podemos afirmar que a componente perpendicular da for\u00e7a \u00e9 a respons\u00e1vel pela rota\u00e7\u00e3o da massa <em>m,<\/em> em torno do eixo que passa por <em>O<\/em>, no entanto, devemos considerar outro fator para entendermos o conceito de torque, que \u00e9 o valor de <em>r<\/em>. Quando um marceneiro instala uma ma\u00e7aneta em uma porta, ele fixa a mesma num ponto afastado do eixo de rota\u00e7\u00e3o da porta, isso porque, quando abrirmos a porta, aplicaremos uma for\u00e7a menor do que seria aplicado se a ma\u00e7aneta fosse instalada pr\u00f3xima ao eixo de rota\u00e7\u00e3o, o mesmo fato se observa quando queremos desparafusar as rodas de um carro quando este tem um pneu furado, note que para executarmos uma for\u00e7a menor aplicamos a for\u00e7a no ponto mais afastado do eixo de rota\u00e7\u00e3o do parafuso, portanto, vemos claramente que h\u00e1 uma depend\u00eancia direta do torque com a dist\u00e2ncia de aplica\u00e7\u00e3o da for\u00e7a a partir do eixo de rota\u00e7\u00e3o, que no nosso caso \u00e9 representado pela grandeza <em>r<\/em>, assim podemos definir o m\u00f3dulo do torque como sendo o produto da componente tangencial da for\u00e7a aplicada pela dist\u00e2ncia do eixo de rota\u00e7\u00e3o ao ponto de aplica\u00e7\u00e3o da for\u00e7a;<\/p>\n\n\n\n<div class=\"wp-block-katex-display-block katex-eq\" data-katex-display=\"true\"><pre>\\tau = rF_{t} = r F sen \\theta<\/pre><\/div>\n\n\n\n<p class=\"has-text-align-left\"><strong>COMPORTAMENTO VETORIAL DO TORQUE<\/strong><\/p>\n\n\n\n<p class=\"has-text-align-left\">Estudaremos o produto vetorial de forma a considerarmos o caso mais geral, levando-se em conta que todos os vetores s\u00e3o escritos como combina\u00e7\u00e3o linear dos vetores de base can\u00f4nicos <img decoding=\"async\" title=\"\\left \\{ \\hat i, \\hat j, \\hat k \\right \\}\" src=\"https:\/\/latex.codecogs.com\/gif.latex?\\left&space;\\{&space;\\hat&space;i,&space;\\hat&space;j,&space;\\hat&space;k&space;\\right&space;\\}\">, logo, temos que <img decoding=\"async\" title=\"\\vec A = A_{x}\\hat i + A_{y}\\hat j + A_{z}\\hat k\" src=\"https:\/\/latex.codecogs.com\/gif.latex?\\vec&space;A&space;=&space;A_{x}\\hat&space;i&space;+&space;A_{y}\\hat&space;j&space;+&space;A_{z}\\hat&space;k\"> e <img decoding=\"async\" title=\"\\vec B = B_{x}\\hat i + B_{y}\\hat j + B_{z}\\hat k\" src=\"https:\/\/latex.codecogs.com\/gif.latex?\\vec&space;B&space;=&space;B_{x}\\hat&space;i&space;+&space;B_{y}\\hat&space;j&space;+&space;B_{z}\\hat&space;k\">.<\/p>\n\n\n\n<p class=\"has-text-align-left\">Por defini\u00e7\u00e3o, temos que o m\u00f3dulo do produto vetorial \u00e9 determinado pelo produto dos m\u00f3dulos dos vetores envolvidos no produto, com o produto do seno do \u00e2ngulo formado pelos mesmos vetores, ou seja,<\/p>\n\n\n\n<div class=\"wp-block-katex-display-block katex-eq\" data-katex-display=\"true\"><pre>\\left |\\vec C  \\right | = \\left |\\vec A \\times \\vec B  \\right | = ABsen \\theta<\/pre><\/div>\n\n\n\n<p class=\"has-text-align-left\">De modo geral, o produto vetorial \u00e9 determinado por<\/p>\n\n\n\n<div class=\"wp-block-katex-display-block katex-eq\" data-katex-display=\"true\"><pre>\\begin{aligned}\n\\vec A \\times \\vec B &amp; =  A_{x} \\hat i \\times B_{x} \\hat i + A_{x} \\hat i \\times B_{y} \\hat j + A_{x} \\hat i \\times B_{z} \\hat k + \\\\\n &amp; + A_{y} \\hat j \\times B_{x} \\hat i + A_{y} \\hat j \\times B_{y} \\hat j + A_{y} \\hat j \\times B_{z} \\hat k + \\\\\n &amp; + A_{z} \\hat k \\times B_{x} \\hat i + A_{z} \\hat k \\times B_{y} \\hat j + A_{z} \\hat k \\times B_{z} \\hat k\n\\end{aligned}\n<\/pre><\/div>\n\n\n\n<p class=\"has-text-align-left\">Sabemos que o resultado do produto vetorial entre dois vetores tem como resultado um terceiro vetor perpendicular ao plano formado pelos vetores do produto, e que pela defini\u00e7\u00e3o de produto vetorial, se um vetor \u00e9 multiplicado por ele mesmo o resultado \u00e9 nulo, pois o \u00e2ngulo formado \u00e9 zero, dessa forma temos como resultado o seguinte,<\/p>\n\n\n\n<div class=\"wp-block-katex-display-block katex-eq\" data-katex-display=\"true\"><pre>\\begin{cases}\n\\hat i \\times \\hat i = \\hat j \\times \\hat j = \\hat k \\times \\hat k = 0 \\\\\n\\hat i \\times \\hat j = \\hat k \\text{ e }\\hat j \\times \\hat i = - \\hat k \\\\\n\\hat j \\times \\hat k = \\hat i \\text{ e }\\hat k \\times \\hat j = - \\hat i \\\\\n\\hat k \\times \\hat i = \\hat j \\text{ e }\\hat i \\times \\hat k = - \\hat j \n\\end{cases}<\/pre><\/div>\n\n\n\n<p class=\"has-text-align-left\">Com estes resultados, podemos reduzir a equa\u00e7\u00e3o acima na forma<\/p>\n\n\n\n<div class=\"wp-block-katex-display-block katex-eq\" data-katex-display=\"true\"><pre>\\begin{aligned}\n   \\vec A \\times \\vec B  &amp; =A_{x}B_{y} \\hat k - A_{x}B_{z} \\hat j - A_{y}B_{x} \\hat k + A_{y}B_{z} \\hat i + A_{z}B_{x} \\hat j - A_{z}B_{y} \\hat i  \\\\\n      &amp; = (A_{y}B_{z} - A_{z}B_{y})\\hat i + (A_{z}B_{x} -A_{x}B_{z}) \\hat j + (A_{x}B_{y} - A_{y}B_{x}) \\hat k\n\\end{aligned}\n<\/pre><\/div>\n\n\n\n<p class=\"has-text-align-left\">Este resultado tamb\u00e9m pode ser encontrado calculando-se o determinante da seguinte matriz,<\/p>\n\n\n\n<div class=\"wp-block-katex-display-block katex-eq\" data-katex-display=\"true\"><pre>\\vec A \\times \\vec B = \\begin{vmatrix}\n\\hat i &amp; \\hat j &amp; \\hat k \\\\\nA_{x} &amp; A_{y} &amp; A_{z} \\\\\nB_{x} &amp; B_{y} &amp; B_{z}\n\\end {vmatrix}<\/pre><\/div>\n\n\n\n<div class=\"wp-block-image\"><figure class=\"aligncenter size-large\"><img decoding=\"async\" width=\"368\" height=\"336\" src=\"http:\/\/fiziko.net\/wp-content\/uploads\/2020\/12\/Rotacao03.jpg\" alt=\"\" class=\"wp-image-697\" srcset=\"https:\/\/fiziko.net\/wp-content\/uploads\/2020\/12\/Rotacao03.jpg 368w, https:\/\/fiziko.net\/wp-content\/uploads\/2020\/12\/Rotacao03-300x274.jpg 300w\" sizes=\"(max-width: 368px) 100vw, 368px\" \/><figcaption>Diagrama esquem\u00e1tico do produto vetorial<\/figcaption><\/figure><\/div>\n\n\n\n<p class=\"has-text-align-left\">Podemos associar um vetor unit\u00e1rio \u00e0s grandezas de rota\u00e7\u00e3o, isso porque, como podemos verificar, o torque indica o sentido de rota\u00e7\u00e3o de uma part\u00edcula, quando esta est\u00e1 sobre a a\u00e7\u00e3o de uma for\u00e7a aplicada, tal for\u00e7a determinar\u00e1 o sentido do torque.<\/p>\n\n\n\n<p class=\"has-text-align-left\">A defini\u00e7\u00e3o de produto vetorial indica que o torque deve estar associado ao vetor <strong>C<\/strong>\u00a0da figura acima, permitindo que sejamos capazes de enunciar algumas regras que indiquem a dire\u00e7\u00e3o e o sentido do torque. Essa regra \u00e9 conhecida como a <strong><em>regra da m\u00e3o direita<\/em><\/strong>, o vetor <strong>A<\/strong>\u00a0\u00e9 representado pelo polegar, o vetor <strong>B<\/strong>\u00a0pelo dedo indicador e o vetor <strong>C<\/strong>\u00a0pelo dedo m\u00e9dio, podemos ainda determinar o sentido de rota\u00e7\u00e3o considerando o sentido de fechamento da m\u00e3o direita, como identificado na imagem, este sentido pode ser associado \u00e0 <strong><em>velocidade angular \u03c9<\/em><\/strong>, dizendo se o sentido de rota\u00e7\u00e3o \u00e9 anti-hor\u00e1rio ou hor\u00e1rio.<\/p>\n\n\n\n<p class=\"has-text-align-left\">Devemos perceber que mudando a ordem do produto mudamos o sentido do vetor <strong>C<\/strong>, de forma geral o torque vetorial <strong><img decoding=\"async\" title=\"\\tau\" src=\"https:\/\/latex.codecogs.com\/gif.latex?\\tau\"><\/strong> produzido por uma for\u00e7a <strong>F<\/strong>\u00a0aplicada no ponto determinado pelo vetor <em><strong>r<\/strong><\/em>, pode ser definido como<\/p>\n\n\n\n<div class=\"wp-block-katex-display-block katex-eq\" data-katex-display=\"true\"><pre>\\vec \\tau = \\vec r \\times \\vec F<\/pre><\/div>\n\n\n\n<p class=\"has-text-align-left\">Estabeleceremos que quando o movimento for anti-hor\u00e1rio teremos um movimento progressivo, de modo a obedecer a forma com a qual o c\u00edrculo trigonom\u00e9trico varia, e o movimento ser\u00e1 retr\u00f3grado quando o sentido de rota\u00e7\u00e3o for hor\u00e1rio. Devemos tomar cuidado com o sentido da acelera\u00e7\u00e3o angular, pois quando esta tiver o mesmo sentido da velocidade angular o movimento ser\u00e1 acelerado e se o sentido for oposto, o movimento ser\u00e1 desacelerado.<\/p>\n\n\n\n<p class=\"has-text-align-left\"><strong>REGRA DA M\u00c3O DIREITA<\/strong><\/p>\n\n\n\n<div class=\"wp-block-image\"><figure class=\"aligncenter size-large\"><img loading=\"lazy\" decoding=\"async\" width=\"373\" height=\"247\" src=\"http:\/\/fiziko.net\/wp-content\/uploads\/2020\/12\/Rotacao04.jpg\" alt=\"\" class=\"wp-image-698\" srcset=\"https:\/\/fiziko.net\/wp-content\/uploads\/2020\/12\/Rotacao04.jpg 373w, https:\/\/fiziko.net\/wp-content\/uploads\/2020\/12\/Rotacao04-300x199.jpg 300w\" sizes=\"(max-width: 373px) 100vw, 373px\" \/><figcaption>O sentido de rota\u00e7\u00e3o \u00e9 indicado pelo fechamento da m\u00e3o. No caso acima, o sentido de rota\u00e7\u00e3o \u00e9 o anti-hor\u00e1rio.<\/figcaption><\/figure><\/div>\n\n\n\n<p class=\"has-text-align-left\">Tratemos o caso em que N for\u00e7as est\u00e3o sendo aplicadas em uma part\u00edcula de massa <em>m<\/em> e que executa um movimento circular de raio r, desta forma cada for\u00e7a realizar\u00e1 um torque sobre a part\u00edcula, de modo que<\/p>\n\n\n\n<div class=\"wp-block-katex-display-block katex-eq\" data-katex-display=\"true\"><pre>\\vec \\tau_{1} + \\vec \\tau_{2} + \\vec \\tau_{3}+ \\dots + \\vec \\tau_{N} = \\vec \\tau_{R}<\/pre><\/div>\n\n\n\n<p>onde <img decoding=\"async\" title=\"\\vec \\tau_{R}\" src=\"https:\/\/latex.codecogs.com\/gif.latex?\\vec&space;\\tau_{R}\"> \u00e9 o torque resultante aplicado ao corpo de massa <em>m<\/em>, dessa forma podemos escrever,<\/p>\n\n\n\n<div class=\"wp-block-katex-display-block katex-eq\" data-katex-display=\"true\"><pre>\\vec \\tau_{R} = \\vec r \\times \\vec F_{1} + \\vec r \\times \\vec F_{2} + \\dots +\\vec r \\times \\vec F_{N} <\/pre><\/div>\n\n\n\n<p class=\"has-text-align-left\">com m\u00f3dulo,<\/p>\n\n\n\n<div class=\"wp-block-katex-display-block katex-eq\" data-katex-display=\"true\"><pre>\\left |\\vec \\tau_{R}  \\right| = r \\sum_{i=1}^{N}F_{ti} = rma_{t}=mr^2\\alpha = I \\alpha<\/pre><\/div>\n\n\n\n<p class=\"has-text-align-left\">tendo-se F<sub>ti<\/sub>\u00a0como sendo a somat\u00f3ria de todas as componentes tangenciais das for\u00e7as que atuam no corpo de massa <em>m<\/em>, e I\u00a0\u00e9 o momento de in\u00e9rcia da part\u00edcula de massa <em>m<\/em>, de modo geral, podemos definir a segunda lei de Newton para a rota\u00e7\u00e3o como sendo,<\/p>\n\n\n\n<div class=\"wp-block-katex-display-block katex-eq\" data-katex-display=\"true\"><pre>\\vec \\tau_{R} = I \\alpha<\/pre><\/div>\n\n\n\n<p class=\"has-text-align-left\">a equa\u00e7\u00e3o acima afirma que o torque resultante \u00e9 igual ao produto do momento de in\u00e9rcia da part\u00edcula de massa <em>m<\/em> pela sua acelera\u00e7\u00e3o angular, aqui devemos perceber que o torque resultante tem a mesma dire\u00e7\u00e3o e o mesmo sentido da acelera\u00e7\u00e3o angular.<\/p>\n\n\n\n<p class=\"has-text-align-left\"><strong>ENERGIA CIN\u00c9TICA DE ROTA\u00c7\u00c3O<\/strong><\/p>\n\n\n\n<p>Continuemos analisando o caso de uma part\u00edcula movendo-se em uma trajet\u00f3ria circular de raio r, e determinemos o valor da energia cin\u00e9tica desta part\u00edcula de massa <em>m<\/em>, sabemos que a energia cin\u00e9tica \u00e9 definida por<\/p>\n\n\n\n<div class=\"wp-block-katex-display-block katex-eq\" data-katex-display=\"true\"><pre>E_{CR} = \\frac{1}{2}mv^2=\\frac{1}{2}m(r \\omega)^2=\\frac{1}{2}(mr^2)\\omega^2=\\frac{1}{2}I\\omega^2<\/pre><\/div>\n\n\n\n<p class=\"has-text-align-left\">logo, a energia cin\u00e9tica de rota\u00e7\u00e3o \u00e9 dada pela express\u00e3o acima, que como veremos, \u00e9 geral, valendo para corpos r\u00edgidos tamb\u00e9m.<\/p>\n\n\n\n<p class=\"has-text-align-left\">Consideremos que um corpo r\u00edgido \u00e9 formado por v\u00e1rias pequenas por\u00e7\u00f5es de massas <em>m<sub>i<\/sub><\/em>\u00a0e que cada uma destas por\u00e7\u00f5es tem uma velocidade <em>v<sub>i<\/sub><\/em>, e que cada massa \u00e9 localizada por um vetor <strong>r<sub>i<\/sub><\/strong>, mas que gira em torno de um determinado eixo com velocidade angular \u03c9, a energia cin\u00e9tica de rota\u00e7\u00e3o total deste corpo r\u00edgido ser\u00e1<\/p>\n\n\n\n<div class=\"wp-block-katex-display-block katex-eq\" data-katex-display=\"true\"><pre>E_{CR}=\\sum_{i=1}^{N}\\frac{1}{2}m_{i}v_{i}^{2}=\\frac{1}{2}I\\omega^2<\/pre><\/div>\n\n\n\n<p>onde <img decoding=\"async\" title=\"I = \\sum_{i=1}^{N}\\frac{1}{2}m_{i}r_{i}^2\" src=\"https:\/\/latex.codecogs.com\/gif.latex?I&space;=&space;\\sum_{i=1}^{N}\\frac{1}{2}m_{i}r_{i}^2\">\u00a0\u00e9 o momento de in\u00e9rcia de cada part\u00edcula que comp\u00f5e o corpo r\u00edgido, portanto, como queremos somar todos os pequenos peda\u00e7os que formam o corpo r\u00edgido teremos<\/p>\n\n\n\n<div class=\"wp-block-katex-display-block katex-eq\" data-katex-display=\"true\"><pre>I = \\lim_{m_i \\rightarrow 0} \\sum_{i=1}^{N}m_ir_i^2 = \\int r^2 dm<\/pre><\/div>\n\n\n\n<p><\/p>\n","protected":false},"excerpt":{"rendered":"<p>TORQUE Iniciaremos o estudo do torque considerando um corpo r\u00edgido qualquer como o mostrado na figura, que est\u00e1 rotacionando em torno de um eixo que passa por O e seu centro de massa executa uma trajet\u00f3ria circular de raio R, devido a uma for\u00e7a F\u00a0aplicada no ponto P cujo vetor r\u00a0determina sua posi\u00e7\u00e3o. Sabemos que&hellip; <br \/> <a class=\"read-more\" href=\"https:\/\/fiziko.net\/?page_id=688\">Leia mais<\/a><\/p>\n","protected":false},"author":1,"featured_media":0,"parent":0,"menu_order":0,"comment_status":"closed","ping_status":"closed","template":"","meta":{"footnotes":""},"class_list":["post-688","page","type-page","status-publish","hentry"],"_links":{"self":[{"href":"https:\/\/fiziko.net\/index.php?rest_route=\/wp\/v2\/pages\/688","targetHints":{"allow":["GET"]}}],"collection":[{"href":"https:\/\/fiziko.net\/index.php?rest_route=\/wp\/v2\/pages"}],"about":[{"href":"https:\/\/fiziko.net\/index.php?rest_route=\/wp\/v2\/types\/page"}],"author":[{"embeddable":true,"href":"https:\/\/fiziko.net\/index.php?rest_route=\/wp\/v2\/users\/1"}],"replies":[{"embeddable":true,"href":"https:\/\/fiziko.net\/index.php?rest_route=%2Fwp%2Fv2%2Fcomments&post=688"}],"version-history":[{"count":5,"href":"https:\/\/fiziko.net\/index.php?rest_route=\/wp\/v2\/pages\/688\/revisions"}],"predecessor-version":[{"id":703,"href":"https:\/\/fiziko.net\/index.php?rest_route=\/wp\/v2\/pages\/688\/revisions\/703"}],"wp:attachment":[{"href":"https:\/\/fiziko.net\/index.php?rest_route=%2Fwp%2Fv2%2Fmedia&parent=688"}],"curies":[{"name":"wp","href":"https:\/\/api.w.org\/{rel}","templated":true}]}}