{"id":795,"date":"2021-03-15T13:26:15","date_gmt":"2021-03-15T17:26:15","guid":{"rendered":"http:\/\/fiziko.net\/?page_id=795"},"modified":"2021-05-04T09:19:45","modified_gmt":"2021-05-04T13:19:45","slug":"hidrostatica","status":"publish","type":"page","link":"https:\/\/fiziko.net\/?page_id=795","title":{"rendered":"Hidrost\u00e1tica"},"content":{"rendered":"\n<p>um<strong><em> fluido<\/em><\/strong> \u00e9 qualquer subst\u00e2ncia que pode escoar e alterar a forma do volume que ele ocupa, ao contr\u00e1rio de um s\u00f3lido tende a manter sua forma.<\/p>\n\n\n\n<p>A <strong><em>densidade<\/em><\/strong> \u00e9 uma propriedade importante de qualquer material, fluido ou s\u00f3lido, \u00e9 definida como a raz\u00e3o entre a massa da subst\u00e2ncia pelo volume que ocupa.<\/p>\n\n\n\n<div class=\"wp-block-katex-display-block katex-eq\" data-katex-display=\"true\"><pre>\\rho = \\frac{m}{V}<\/pre><\/div>\n\n\n\n<p>Rela\u00e7\u00e3o de unidades da densidade nos sistemas de unidade CGS e MKS;<\/p>\n\n\n\n<div class=\"wp-block-katex-display-block katex-eq\" data-katex-display=\"true\"><pre>1 g\/cm\u00b3 = 1000 kg\/m\u00b3<\/pre><\/div>\n\n\n\n<p>A <strong><em>densidade relativa<\/em><\/strong> de um material \u00e9 a raz\u00e3o entre a densidade do material e a densidade da \u00e1gua a 4,0 \u00b0C, que \u00e9 1000 kg\/m\u00b3.<\/p>\n\n\n\n<div class=\"wp-block-katex-display-block katex-eq\" data-katex-display=\"true\"><pre>\\rho_{R} = \\frac{\\text{densidade da subst\u00e2ncia}}{\\text{densidade da \u00e1gua}}=\\frac{\\rho}{\\rho_{\u00e1gua}}<\/pre><\/div>\n\n\n\n<p><strong>PRESS\u00c3O EM UM FLUIDO<\/strong><\/p>\n\n\n\n<p>Definimos a press\u00e3o P nesse ponto como a for\u00e7a normal por unidade de \u00e1rea, ou seja, pela raz\u00e3o entre dF e dA.<\/p>\n\n\n\n<div class=\"wp-block-katex-display-block katex-eq\" data-katex-display=\"true\"><pre>P = \\frac{dF}{dA}  \\\\\nou\n\n\\\\\nP = \\frac{F}{A}\n<\/pre><\/div>\n\n\n\n<p>como se sabe temos que,  1 N\/m\u00b2 = 1 pascal = 1 Pa.<\/p>\n\n\n\n<p>A <strong><em>press\u00e3o atmosf\u00e9rica<\/em><\/strong> \u00e9 a press\u00e3o exercida pela atmosfera terrestre, a press\u00e3o no fundo desse oceano de ar em que vivemos. Essa press\u00e3o varia com as condi\u00e7\u00f5es do tempo e com a altitude. a press\u00e3o atmosf\u00e9rica normal ao n\u00edvel do mar\u00e9 de 1 atm (atmosfera), que vale <\/p>\n\n\n\n<div class=\"wp-block-katex-display-block katex-eq\" data-katex-display=\"true\"><pre>P_{0} = 1 atm = 101325 Pa = 1,013 bar = 14,70 lb\/pol\u00b2<\/pre><\/div>\n\n\n\n<p><strong>EQUA\u00c7\u00c3O FUNDAMENTAL DA HIDROST\u00c1TICA <\/strong><\/p>\n\n\n\n<div class=\"wp-block-image\"><figure class=\"aligncenter size-large\"><img fetchpriority=\"high\" decoding=\"async\" width=\"477\" height=\"351\" src=\"http:\/\/fiziko.net\/wp-content\/uploads\/2021\/05\/Fluidos-01.png\" alt=\"\" class=\"wp-image-810\" srcset=\"https:\/\/fiziko.net\/wp-content\/uploads\/2021\/05\/Fluidos-01.png 477w, https:\/\/fiziko.net\/wp-content\/uploads\/2021\/05\/Fluidos-01-300x221.png 300w\" sizes=\"(max-width: 477px) 100vw, 477px\" \/><\/figure><\/div>\n\n\n\n<p>Pelasegunda Lei de Newton podemos escrever que a for\u00e7a resultante sobre o elemento de fluido isolado na figura \u00e9 zero, logo, todas as for\u00e7as que atuam sobre este elemento somadas, temb\u00e9m \u00e9 zero, assim<\/p>\n\n\n\n<div class=\"wp-block-katex-display-block katex-eq\" data-katex-display=\"true\"><pre>F_{R} = \\sum_{i} F_{i} = \\text{for\u00e7a na regi\u00e3o inferior - for\u00e7a na regi\u00e3o superior - peso }\\\\ \nPA-(P + dP)A-\\rho g A dy = 0<\/pre><\/div>\n\n\n\n<p>Reescrevendo a equa\u00e7\u00e3o acima, temos<\/p>\n\n\n\n<div class=\"wp-block-katex-display-block katex-eq\" data-katex-display=\"true\"><pre>\\frac{dP}{dy}=-\\rho g<\/pre><\/div>\n\n\n\n<p>Esta equa\u00e7\u00e3o mostra que, quando y aumenta, P diminui; ou seja, \u00e0 medida que subimos atrav\u00e9s do fluido, a press\u00e3o diminui, como era de se esperar. se P<sub>1<\/sub> e P<sub>2<\/sub> forem, respectivamente, as press\u00f5es nas alturas y<sub>1<\/sub> e y<sub>2<\/sub>, e se \u03c1 e g permanecerem constantes, ent\u00e3o<\/p>\n\n\n\n<div class=\"wp-block-katex-display-block katex-eq\" data-katex-display=\"true\"><pre>P_{2} - P_{1} = - \\rho g (y_{2}-y_{1})<\/pre><\/div>\n\n\n\n<p>toma-se o sistema de refer\u00eancia com o marco zero no fundo do reservat\u00f3rio e a equa\u00e7\u00e3o acima determina diferen\u00e7a de press\u00e3o entre dois pontos em um fluido de densidade uniforme, uma subst\u00e2ncia homog\u00eanea.<\/p>\n\n\n\n<p>Se reescrevermos a equa\u00e7\u00e3o acima mudando o marco zero do referencial para a superf\u00edcie e tomando-se a profundidade como sendo positiva, teremos<\/p>\n\n\n\n<div class=\"wp-block-katex-display-block katex-eq\" data-katex-display=\"true\"><pre>P = P_{0} + \\rho g h<\/pre><\/div>\n\n\n\n<p>onde P<sub>2<\/sub> \u00e9 P, P<sub>1<\/sub> \u00e9 a press\u00e3o atmosf\u00e9rica P<sub>0<\/sub> e -(y<sub>2<\/sub> &#8211; y1) = h, com h sendo a profundidade e  portanto, quanto maior a profundidade, maior a press\u00e3o.<\/p>\n\n\n\n<p>A press\u00e3o manom\u00e9trica \u00e9 definida como a press\u00e3o de um fluido sem a influ\u00eancia da atmosfera.<\/p>\n\n\n\n<div class=\"wp-block-katex-display-block katex-eq\" data-katex-display=\"true\"><pre>\\Delta P = P_{abs} - P_{o} = \\rho g h<\/pre><\/div>\n\n\n\n<p><strong>APLICA\u00c7\u00d5ES<\/strong><\/p>\n\n\n\n<p>Exerc\u00edcio 01 &#8211; Aumente a velocidade de reprodu\u00e7\u00e3o do v\u00eddeo<\/p>\n\n\n\n<figure class=\"wp-block-embed aligncenter is-type-video is-provider-youtube wp-block-embed-youtube wp-embed-aspect-16-9 wp-has-aspect-ratio\"><div class=\"wp-block-embed__wrapper\">\n<div class='embed-container'><iframe title=\"Exercicio Hidrostatica 01 F\u00edsica 2\" width=\"1920\" height=\"1080\" src=\"https:\/\/www.youtube.com\/embed\/-yt2isv_ZDc?feature=oembed\" frameborder=\"0\" allow=\"accelerometer; autoplay; clipboard-write; encrypted-media; gyroscope; picture-in-picture\" allowfullscreen><\/iframe><\/div>\n<\/div><\/figure>\n\n\n\n<p>Exerc\u00edcio 02 &#8211; Aumente a velocidade de reprodu\u00e7\u00e3o do v\u00eddeo<\/p>\n\n\n\n<figure class=\"wp-block-embed aligncenter is-type-video is-provider-youtube wp-block-embed-youtube wp-embed-aspect-16-9 wp-has-aspect-ratio\"><div class=\"wp-block-embed__wrapper\">\n<div class='embed-container'><iframe title=\"Exercicio Hidrostatica 02 F\u00edsica 2\" width=\"1920\" height=\"1080\" src=\"https:\/\/www.youtube.com\/embed\/4sSXj3-b4WM?feature=oembed\" frameborder=\"0\" allow=\"accelerometer; autoplay; clipboard-write; encrypted-media; gyroscope; picture-in-picture\" allowfullscreen><\/iframe><\/div>\n<\/div><\/figure>\n\n\n\n<p><strong>PRINC\u00cdPIO DE PASCAL<\/strong><\/p>\n\n\n\n<p>A press\u00e3o aplicada a um fluido no interior de um recipiente \u00e9 transmitida sem nenhuma diminui\u00e7\u00e3o a todos os pontos do fluido e para as paredes do recipiente.<\/p>\n\n\n\n<p>O elevador hidr\u00e1ulico \u00e9 uma aplica\u00e7\u00e3o da lei de Pascal. Para maior clareza, o tamanho do recipiente que cont\u00e9m o fluido est\u00e1 exagerado.<\/p>\n\n\n\n<figure class=\"wp-block-image size-large\"><img decoding=\"async\" width=\"702\" height=\"258\" src=\"http:\/\/fiziko.net\/wp-content\/uploads\/2021\/05\/Fluidos-02.png\" alt=\"\" class=\"wp-image-813\" srcset=\"https:\/\/fiziko.net\/wp-content\/uploads\/2021\/05\/Fluidos-02.png 702w, https:\/\/fiziko.net\/wp-content\/uploads\/2021\/05\/Fluidos-02-300x110.png 300w\" sizes=\"(max-width: 702px) 100vw, 702px\" \/><\/figure>\n\n\n\n<p>A press\u00e3o aplicada P<sub>1<\/sub> \u00e9 transmitida igualmente por toda a tubula\u00e7\u00e3o do elevdor, o que nos d\u00e1<\/p>\n\n\n\n<div class=\"wp-block-katex-display-block katex-eq\" data-katex-display=\"true\"><pre>P_{2} = P_{1} \\\\\n\\displaystyle {\\frac{F_{2}}{A_{2}}} = \\frac{F_{1}}{A_{1}}<\/pre><\/div>\n\n\n\n<p><strong>PRINC\u00cdPIO DE ARQUIMDES<\/strong><\/p>\n\n\n\n<p>Quando um corpo est\u00e1 parcial ou completamente imerso em um fluido, este exerce sobre o corpo uma for\u00e7a de baixo para cima igual ao peso do volume do fluido deslocado pelo corpo.<\/p>\n\n\n\n<p>Um corpo imerso na \u00e1gua parece possuir um peso menor que no ar. Quando o corpo possui densidade menor que a do fluido, ele flutua. o corpo humano normalmente flutua na \u00e1gua, e um bal\u00e3o cheio de h\u00e9lio flutua no ar.<\/p>\n\n\n\n<p>EMPUXO<\/p>\n\n\n\n<p>For\u00e7a que os fluidos exercem socre os corpos que est\u00e3o submetidos a sua influ\u00eancias. Essa for\u00e7a aponta sempre no sentido oposto \u00e0 acelera\u00e7\u00e3o da gravidade.<\/p>\n\n\n\n<div class=\"wp-block-katex-display-block katex-eq\" data-katex-display=\"true\"><pre>E = \\text{Peso do fluido deslocado} = m_{FD}g<\/pre><\/div>\n\n\n\n<p>Exerc\u00edcio 03 &#8211; Aumente a velocidade de reprodu\u00e7\u00e3o do v\u00eddeo<\/p>\n\n\n\n<figure class=\"wp-block-embed aligncenter is-type-video is-provider-youtube wp-block-embed-youtube wp-embed-aspect-16-9 wp-has-aspect-ratio\"><div class=\"wp-block-embed__wrapper\">\n<div class='embed-container'><iframe title=\"Exercicio Arquimedes 03 F\u00edsica 2\" width=\"1920\" height=\"1080\" src=\"https:\/\/www.youtube.com\/embed\/-Dn2Kjqa2dE?feature=oembed\" frameborder=\"0\" allow=\"accelerometer; autoplay; clipboard-write; encrypted-media; gyroscope; picture-in-picture\" allowfullscreen><\/iframe><\/div>\n<\/div><\/figure>\n\n\n\n<p>Exerc\u00edcio 04 &#8211; Aumente a velocidade de reprodu\u00e7\u00e3o do v\u00eddeo<\/p>\n\n\n\n<p><strong>BIBLIOGRAFIA<\/strong><\/p>\n\n\n\n<ul class=\"wp-block-list\"><li>RESNICK, Robert, HALLIDAY, David &amp; WALKER, Jearl. <strong><em>FUNDAMENTOS DE F\u00cdSICA: Gravita\u00e7\u00e3o, Ondas e Termodin\u00e2mica<\/em><\/strong>, Volume 2, 6<sup>a<\/sup> Edi\u00e7\u00e3o. Rio de Janeiro: LTC, 2002.<\/li><li>NUSSENZVEIG, H.M. &#8211; <strong>CURSO DE F\u00cdSICA B\u00c1SICA<\/strong>, VOL 2, ED. EDGARD BL\u00dcCHER LTDA.<\/li><li>SERWAY, Raymond A., &amp; JEWETT Jr, John W. <strong><em>PRINC\u00cdPIOS DE F\u00cdSICA: Movimento Ondulat\u00f3rio e Termodin\u00e2mica<\/em><\/strong>, Volume 2, 3\u00aa Edi\u00e7\u00e3o. S\u00e3o Paulo: Cengage Learning, 2008.<\/li><li>TIPLER, Paul A. &amp; MOSCA, Gene. <strong><em>F\u00cdSICA: Mec\u00e2nica, Oscila\u00e7\u00f5es e Ondas, Termodin\u00e2mica<\/em><\/strong>, Volume 1, 5\u00aa Edi\u00e7\u00e3o. Rio de Janeiro: LTC, 2006.<\/li><li>SEARS, Francis W. &amp; ZEMANSKY, Mark W.; YOUNG, Hugh D. &amp; FREEDMAN, Roger A. <strong><em>F\u00cdSICA II: Termodin\u00e2mica e Ondas<\/em><\/strong>, 12\u00aa Edi\u00e7\u00e3o.\u00a0 S\u00e3o Paulo: Pearson Education.<\/li><\/ul>\n","protected":false},"excerpt":{"rendered":"<p>um fluido \u00e9 qualquer subst\u00e2ncia que pode escoar e alterar a forma do volume que ele ocupa, ao contr\u00e1rio de um s\u00f3lido tende a manter sua forma. A densidade \u00e9 uma propriedade importante de qualquer material, fluido ou s\u00f3lido, \u00e9 definida como a raz\u00e3o entre a massa da subst\u00e2ncia pelo volume que ocupa. Rela\u00e7\u00e3o de&hellip; <br \/> <a class=\"read-more\" href=\"https:\/\/fiziko.net\/?page_id=795\">Leia mais<\/a><\/p>\n","protected":false},"author":1,"featured_media":0,"parent":0,"menu_order":0,"comment_status":"closed","ping_status":"closed","template":"","meta":{"footnotes":""},"class_list":["post-795","page","type-page","status-publish","hentry"],"_links":{"self":[{"href":"https:\/\/fiziko.net\/index.php?rest_route=\/wp\/v2\/pages\/795","targetHints":{"allow":["GET"]}}],"collection":[{"href":"https:\/\/fiziko.net\/index.php?rest_route=\/wp\/v2\/pages"}],"about":[{"href":"https:\/\/fiziko.net\/index.php?rest_route=\/wp\/v2\/types\/page"}],"author":[{"embeddable":true,"href":"https:\/\/fiziko.net\/index.php?rest_route=\/wp\/v2\/users\/1"}],"replies":[{"embeddable":true,"href":"https:\/\/fiziko.net\/index.php?rest_route=%2Fwp%2Fv2%2Fcomments&post=795"}],"version-history":[{"count":11,"href":"https:\/\/fiziko.net\/index.php?rest_route=\/wp\/v2\/pages\/795\/revisions"}],"predecessor-version":[{"id":826,"href":"https:\/\/fiziko.net\/index.php?rest_route=\/wp\/v2\/pages\/795\/revisions\/826"}],"wp:attachment":[{"href":"https:\/\/fiziko.net\/index.php?rest_route=%2Fwp%2Fv2%2Fmedia&parent=795"}],"curies":[{"name":"wp","href":"https:\/\/api.w.org\/{rel}","templated":true}]}}