{"id":82,"date":"2019-09-25T10:55:55","date_gmt":"2019-09-25T13:55:55","guid":{"rendered":"http:\/\/fiziko.net\/?page_id=82"},"modified":"2019-09-25T12:01:28","modified_gmt":"2019-09-25T15:01:28","slug":"equacao-de-bernoulli-tanque-furado","status":"publish","type":"page","link":"https:\/\/fiziko.net\/?page_id=82","title":{"rendered":"Equa\u00e7\u00e3o de Bernoulli &#8211; Tanque furado"},"content":{"rendered":"\t\t<div data-elementor-type=\"wp-post\" data-elementor-id=\"82\" class=\"elementor elementor-82\">\n\t\t\t\t\t\t<section class=\"elementor-section elementor-top-section elementor-element elementor-element-00b1b1a elementor-section-boxed elementor-section-height-default elementor-section-height-default\" data-id=\"00b1b1a\" data-element_type=\"section\" data-e-type=\"section\">\n\t\t\t\t\t\t<div class=\"elementor-container elementor-column-gap-default\">\n\t\t\t\t\t<div class=\"elementor-column elementor-col-100 elementor-top-column elementor-element elementor-element-7c2754e\" data-id=\"7c2754e\" data-element_type=\"column\" data-e-type=\"column\">\n\t\t\t<div class=\"elementor-widget-wrap elementor-element-populated\">\n\t\t\t\t\t\t<div class=\"elementor-element elementor-element-921f775 elementor-widget elementor-widget-text-editor\" data-id=\"921f775\" data-element_type=\"widget\" data-e-type=\"widget\" data-widget_type=\"text-editor.default\">\n\t\t\t\t<div class=\"elementor-widget-container\">\n\t\t\t\t\t\t\t\t\t<h1><strong><span style=\"color: #000000;\">Tanque furado &#8211; Equa\u00e7\u00e3o de Bernoulli<\/span><\/strong><\/h1>\t\t\t\t\t\t\t\t<\/div>\n\t\t\t\t<\/div>\n\t\t\t\t\t<\/div>\n\t\t<\/div>\n\t\t\t\t\t<\/div>\n\t\t<\/section>\n\t\t\t\t<section class=\"elementor-section elementor-top-section elementor-element elementor-element-aa8959f elementor-section-boxed elementor-section-height-default elementor-section-height-default\" data-id=\"aa8959f\" data-element_type=\"section\" data-e-type=\"section\">\n\t\t\t\t\t\t<div class=\"elementor-container elementor-column-gap-default\">\n\t\t\t\t\t<div class=\"elementor-column elementor-col-100 elementor-top-column elementor-element elementor-element-6968f4b\" data-id=\"6968f4b\" data-element_type=\"column\" data-e-type=\"column\">\n\t\t\t<div class=\"elementor-widget-wrap elementor-element-populated\">\n\t\t\t\t\t\t<div class=\"elementor-element elementor-element-6504411 elementor-widget elementor-widget-text-editor\" data-id=\"6504411\" data-element_type=\"widget\" data-e-type=\"widget\" data-widget_type=\"text-editor.default\">\n\t\t\t\t<div class=\"elementor-widget-container\">\n\t\t\t\t\t\t\t\t\t<h3><span style=\"color: #000000;\">A \u00e1gua de um grande tanque aberto possui uma profundidade <em>H<\/em><em>. <\/em>Um orif\u00edcio \u00e9 aberto na parede vertical a uma altura <em>h<\/em> medida do funda do tanque, como indica a figura.<\/span><\/h3><h2><span style=\"color: #000000;\"><strong>No Geogebra<\/strong><br \/><\/span><\/h2><h3><span style=\"color: #000000;\">1. Crie dois controles deslizantes, um para medir a profundidade da \u00e1gua no tanque 0 \u2264 <em>H<\/em> \u2264 8 e\u00a0 o outro para medir a altura do furo 0 \u2264 <em>h<\/em> \u2264 <em>H<\/em>.<\/span><\/h3><h3><span style=\"color: #000000;\">2. Com a ferramenta Segmento, desenhe um paralelogramo com v\u00e9rtices em (0,0), (-6,0), (-6,8) e (0,8).<\/span><\/h3><h3><span style=\"color: #000000;\">3. Com a ferramenta Pol\u00edgono, desenhe um paralelogramo com v\u00e9rtices em (0,0), (-6,0), (-6,H) e (0,H).<\/span><\/h3><h3><span style=\"color: #000000;\">4. Crie o ponto que representar\u00e1 o furo na lateral direita do tanque, ou seja, (0,h).<\/span><\/h3><h3><span style=\"color: #000000;\">5. No campo de entrada, escreva a fun\u00e7\u00e3o que descreve a trajet\u00f3ria do jato de fluido no intervalo que vai da base inferior direita do tanque at\u00e9 o ponto onde a fluido atinge o solo.<\/span><\/h3>\t\t\t\t\t\t\t\t<\/div>\n\t\t\t\t<\/div>\n\t\t\t\t\t<\/div>\n\t\t<\/div>\n\t\t\t\t\t<\/div>\n\t\t<\/section>\n\t\t\t\t<section class=\"elementor-section elementor-top-section elementor-element elementor-element-a5fa741 elementor-section-boxed elementor-section-height-default elementor-section-height-default\" data-id=\"a5fa741\" data-element_type=\"section\" data-e-type=\"section\">\n\t\t\t\t\t\t<div class=\"elementor-container elementor-column-gap-default\">\n\t\t\t\t\t<div class=\"elementor-column elementor-col-50 elementor-top-column elementor-element elementor-element-081ccc2\" data-id=\"081ccc2\" data-element_type=\"column\" data-e-type=\"column\">\n\t\t\t<div class=\"elementor-widget-wrap elementor-element-populated\">\n\t\t\t\t\t\t<div class=\"elementor-element elementor-element-9500789 elementor-widget elementor-widget-image\" data-id=\"9500789\" data-element_type=\"widget\" data-e-type=\"widget\" data-widget_type=\"image.default\">\n\t\t\t\t<div class=\"elementor-widget-container\">\n\t\t\t\t\t\t\t\t\t\t\t\t\t\t\t<img fetchpriority=\"high\" decoding=\"async\" width=\"212\" height=\"300\" src=\"https:\/\/fiziko.net\/wp-content\/uploads\/2019\/09\/tanque-212x300.png\" class=\"attachment-medium size-medium wp-image-85\" alt=\"\" srcset=\"https:\/\/fiziko.net\/wp-content\/uploads\/2019\/09\/tanque-212x300.png 212w, https:\/\/fiziko.net\/wp-content\/uploads\/2019\/09\/tanque-768x1086.png 768w, https:\/\/fiziko.net\/wp-content\/uploads\/2019\/09\/tanque-724x1024.png 724w, https:\/\/fiziko.net\/wp-content\/uploads\/2019\/09\/tanque-764x1080.png 764w, https:\/\/fiziko.net\/wp-content\/uploads\/2019\/09\/tanque.png 794w\" sizes=\"(max-width: 212px) 100vw, 212px\" \/>\t\t\t\t\t\t\t\t\t\t\t\t\t\t\t<\/div>\n\t\t\t\t<\/div>\n\t\t\t\t\t<\/div>\n\t\t<\/div>\n\t\t\t\t<div class=\"elementor-column elementor-col-50 elementor-top-column elementor-element elementor-element-17f42e0\" data-id=\"17f42e0\" data-element_type=\"column\" data-e-type=\"column\">\n\t\t\t<div class=\"elementor-widget-wrap elementor-element-populated\">\n\t\t\t\t\t\t<div class=\"elementor-element elementor-element-98f8b8c elementor-widget elementor-widget-image\" data-id=\"98f8b8c\" data-element_type=\"widget\" data-e-type=\"widget\" data-widget_type=\"image.default\">\n\t\t\t\t<div class=\"elementor-widget-container\">\n\t\t\t\t\t\t\t\t\t\t\t\t\t\t\t<img decoding=\"async\" src=\"https:\/\/fiziko.net\/wp-content\/uploads\/2019\/09\/tanque-Geogebra.png\" title=\"tanque-Geogebra\" alt=\"tanque-Geogebra\" loading=\"lazy\" \/>\t\t\t\t\t\t\t\t\t\t\t\t\t\t\t<\/div>\n\t\t\t\t<\/div>\n\t\t\t\t\t<\/div>\n\t\t<\/div>\n\t\t\t\t\t<\/div>\n\t\t<\/section>\n\t\t\t\t<section class=\"elementor-section elementor-top-section elementor-element elementor-element-f21f9ab elementor-section-boxed elementor-section-height-default elementor-section-height-default\" data-id=\"f21f9ab\" data-element_type=\"section\" data-e-type=\"section\">\n\t\t\t\t\t\t<div class=\"elementor-container elementor-column-gap-default\">\n\t\t\t\t\t<div class=\"elementor-column elementor-col-100 elementor-top-column elementor-element elementor-element-574b3f9\" data-id=\"574b3f9\" data-element_type=\"column\" data-e-type=\"column\">\n\t\t\t<div class=\"elementor-widget-wrap elementor-element-populated\">\n\t\t\t\t\t\t<div class=\"elementor-element elementor-element-e336016 elementor-widget elementor-widget-html\" data-id=\"e336016\" data-element_type=\"widget\" data-e-type=\"widget\" data-widget_type=\"html.default\">\n\t\t\t\t<div class=\"elementor-widget-container\">\n\t\t\t\t\t\n<iframe src=\"https:\/\/www.geogebra.org\/classic\" width=\"100%\" height=\"600\" frameborder=\"0\" marginwidth=\"0\" marginheight=\"0\" allowfullscreen><\/iframe>\n\t\t\t\t<\/div>\n\t\t\t\t<\/div>\n\t\t\t\t\t<\/div>\n\t\t<\/div>\n\t\t\t\t\t<\/div>\n\t\t<\/section>\n\t\t\t\t<\/div>\n\t\t","protected":false},"excerpt":{"rendered":"<p>Tanque furado &#8211; Equa\u00e7\u00e3o de Bernoulli A \u00e1gua de um grande tanque aberto possui uma profundidade H. Um orif\u00edcio \u00e9 aberto na parede vertical a uma altura h medida do funda do tanque, como indica a figura. No Geogebra 1. Crie dois controles deslizantes, um para medir a profundidade da \u00e1gua no tanque 0 \u2264&hellip; <br \/> <a class=\"read-more\" href=\"https:\/\/fiziko.net\/?page_id=82\">Leia mais<\/a><\/p>\n","protected":false},"author":1,"featured_media":0,"parent":0,"menu_order":0,"comment_status":"closed","ping_status":"closed","template":"","meta":{"footnotes":""},"class_list":["post-82","page","type-page","status-publish","hentry"],"_links":{"self":[{"href":"https:\/\/fiziko.net\/index.php?rest_route=\/wp\/v2\/pages\/82","targetHints":{"allow":["GET"]}}],"collection":[{"href":"https:\/\/fiziko.net\/index.php?rest_route=\/wp\/v2\/pages"}],"about":[{"href":"https:\/\/fiziko.net\/index.php?rest_route=\/wp\/v2\/types\/page"}],"author":[{"embeddable":true,"href":"https:\/\/fiziko.net\/index.php?rest_route=\/wp\/v2\/users\/1"}],"replies":[{"embeddable":true,"href":"https:\/\/fiziko.net\/index.php?rest_route=%2Fwp%2Fv2%2Fcomments&post=82"}],"version-history":[{"count":6,"href":"https:\/\/fiziko.net\/index.php?rest_route=\/wp\/v2\/pages\/82\/revisions"}],"predecessor-version":[{"id":102,"href":"https:\/\/fiziko.net\/index.php?rest_route=\/wp\/v2\/pages\/82\/revisions\/102"}],"wp:attachment":[{"href":"https:\/\/fiziko.net\/index.php?rest_route=%2Fwp%2Fv2%2Fmedia&parent=82"}],"curies":[{"name":"wp","href":"https:\/\/api.w.org\/{rel}","templated":true}]}}